{"id":8044,"date":"2026-04-28T14:07:21","date_gmt":"2026-04-28T12:07:21","guid":{"rendered":"https:\/\/agence-viva.fr\/bien\/two-room-loft-la-rochelle\/"},"modified":"2026-04-28T14:23:12","modified_gmt":"2026-04-28T12:23:12","slug":"two-room-loft-la-rochelle","status":"publish","type":"product","link":"https:\/\/agence-viva.fr\/en\/bien\/two-room-loft-la-rochelle\/","title":{"rendered":"Two-Room Loft, La Rochelle"},"content":{"rendered":"<p>[et_pb_section fb_built=&#8221;1&#8243; admin_label=&#8221;Gallery&#8221; _builder_version=&#8221;4.24.2&#8243; _module_preset=&#8221;default&#8221; custom_margin=&#8221;40px||||false|false&#8221; custom_margin_tablet=&#8221;0px||||false|false&#8221; custom_margin_phone=&#8221;0px||||false|false&#8221; custom_margin_last_edited=&#8221;on|tablet&#8221; custom_padding=&#8221;0px||0px||true|&#8221; da_disable_devices=&#8221;off|off|off&#8221; collapsed=&#8221;off&#8221; global_colors_info=&#8221;{}&#8221; da_is_popup=&#8221;off&#8221; da_exit_intent=&#8221;off&#8221; da_has_close=&#8221;on&#8221; da_alt_close=&#8221;off&#8221; da_dark_close=&#8221;off&#8221; da_not_modal=&#8221;on&#8221; da_is_singular=&#8221;off&#8221; da_with_loader=&#8221;off&#8221; da_has_shadow=&#8221;on&#8221;][et_pb_row column_structure=&#8221;2_3,1_3&#8243; _builder_version=&#8221;4.27.0&#8243; _module_preset=&#8221;default&#8221; max_width=&#8221;80%&#8221; custom_margin=&#8221;||||false|false&#8221; custom_padding=&#8221;||0px||false|false&#8221; global_colors_info=&#8221;{}&#8221;][et_pb_column type=&#8221;2_3&#8243; _builder_version=&#8221;4.18.0&#8243; _module_preset=&#8221;default&#8221; global_colors_info=&#8221;{}&#8221;][et_pb_text _builder_version=&#8221;4.27.4&#8243; _module_preset=&#8221;b327cbe4-b1d5-4b66-ad37-40c8f2f061ba&#8221; header_font=&#8221;|||on|||||&#8221; header_text_color=&#8221;#000000&#8243; header_font_size=&#8221;30px&#8221; header_2_font=&#8221;Playfair Display|700|||||||&#8221; header_2_text_color=&#8221;#000000&#8243; header_2_font_size=&#8221;45px&#8221; header_2_line_height=&#8221;1.35em&#8221; text_orientation=&#8221;center&#8221; custom_margin=&#8221;||0px||false|false&#8221; header_font_size_tablet=&#8221;25px&#8221; header_font_size_phone=&#8221;19px&#8221; header_2_font_size_tablet=&#8221;32px&#8221; header_2_font_size_phone=&#8221;20px&#8221; header_2_font_size_last_edited=&#8221;on|desktop&#8221; locked=&#8221;off&#8221; global_colors_info=&#8221;{}&#8221;]<\/p>\n<h1 style=\"text-align: left;\">Two-Room Loft &#8211; 74 m\u00b2<\/h1>\n<p>[\/et_pb_text][et_pb_text _builder_version=&#8221;4.27.4&#8243; _module_preset=&#8221;b327cbe4-b1d5-4b66-ad37-40c8f2f061ba&#8221; text_font=&#8221;|||on|||||&#8221; text_text_color=&#8221;#F97D02&#8243; text_font_size=&#8221;22px&#8221; text_letter_spacing=&#8221;0.2em&#8221; text_line_height=&#8221;1.2em&#8221; header_font=&#8221;|||on|||||&#8221; header_text_color=&#8221;#000000&#8243; header_font_size=&#8221;30px&#8221; header_2_font=&#8221;||||||||&#8221; header_2_font_size=&#8221;24px&#8221; header_2_line_height=&#8221;1.35em&#8221; text_orientation=&#8221;center&#8221; custom_margin=&#8221;||0px||false|false&#8221; header_font_size_last_edited=&#8221;off|tablet&#8221; header_2_font_size_tablet=&#8221;25px&#8221; header_2_font_size_phone=&#8221;19px&#8221; header_2_font_size_last_edited=&#8221;on|desktop&#8221; locked=&#8221;off&#8221; global_colors_info=&#8221;{}&#8221;]<\/p>\n<h2 style=\"text-align: left;\">City Center, La Rochelle (17)<\/h2>\n<p>[\/et_pb_text][\/et_pb_column][et_pb_column type=&#8221;1_3&#8243; _builder_version=&#8221;4.18.0&#8243; _module_preset=&#8221;default&#8221; global_colors_info=&#8221;{}&#8221;][et_pb_wc_price _builder_version=&#8221;4.27.4&#8243; _module_preset=&#8221;default&#8221; body_font=&#8221;DINPro Bold|800||on|||||&#8221; body_text_color=&#8221;#000000&#8243; body_font_size=&#8221;30px&#8221; body_letter_spacing=&#8221;0.2em&#8221; body_line_height=&#8221;1.2em&#8221; text_orientation=&#8221;right&#8221; body_font_size_tablet=&#8221;25px&#8221; body_font_size_phone=&#8221;19px&#8221; body_font_size_last_edited=&#8221;on|tablet&#8221; global_colors_info=&#8221;{}&#8221; body_orientation_tablet=&#8221;left&#8221; body_orientation_phone=&#8221;left&#8221; body_orientation_last_edited=&#8221;on|phone&#8221;][\/et_pb_wc_price][\/et_pb_column][\/et_pb_row][\/et_pb_section][et_pb_section fb_built=&#8221;1&#8243; admin_label=&#8221;Section&#8221; _builder_version=&#8221;4.24.2&#8243; _module_preset=&#8221;default&#8221; custom_margin_tablet=&#8221;&#8221; custom_margin_phone=&#8221;||-30px||false|false&#8221; custom_margin_last_edited=&#8221;on|desktop&#8221; custom_padding=&#8221;3px||0px|||&#8221; da_disable_devices=&#8221;off|off|off&#8221; global_colors_info=&#8221;{}&#8221; da_is_popup=&#8221;off&#8221; da_exit_intent=&#8221;off&#8221; da_has_close=&#8221;on&#8221; da_alt_close=&#8221;off&#8221; da_dark_close=&#8221;off&#8221; da_not_modal=&#8221;on&#8221; da_is_singular=&#8221;off&#8221; da_with_loader=&#8221;off&#8221; da_has_shadow=&#8221;on&#8221;][et_pb_row use_custom_gutter=&#8221;on&#8221; gutter_width=&#8221;2&#8243; _builder_version=&#8221;4.27.0&#8243; _module_preset=&#8221;default&#8221; max_width=&#8221;80%&#8221; global_colors_info=&#8221;{}&#8221;][et_pb_column type=&#8221;4_4&#8243; _builder_version=&#8221;4.27.0&#8243; _module_preset=&#8221;default&#8221; global_colors_info=&#8221;{}&#8221;][dsm_filterable_gallery gallery_ids=&#8221;8045,8046,8047,8048,8049,8050,8051,8052,8053&#8243; dsm_image_sizes=&#8221;et-pb-post-main-image-fullwidth-large&#8221; dsm_show_filterable_gallery=&#8221;off&#8221; dsm_use_lightbox=&#8221;on&#8221; dsm_show_title_lightbox=&#8221;on&#8221; dsm_show_pagination=&#8221;on&#8221; dsm_use_zoom_on_hover=&#8221;on&#8221; dsm_load_more_text=&#8221;Voir toutes les photos&#8221; dsm_per_page=&#8221;6&#8243; dsm_load_more_bg_color=&#8221;RGBA(255,255,255,0)&#8221; dsm_load_more_padding=&#8221;10px|15px|10px|15px|true|false&#8221; dsm_number_of_columns_tablet=&#8221;2&#8243; dsm_number_of_columns_phone=&#8221;1&#8243; dsm_number_of_columns_last_edited=&#8221;on|phone&#8221; _builder_version=&#8221;4.27.4&#8243; _module_preset=&#8221;default&#8221; dsm_load_more_font=&#8221;|||on|||||&#8221; dsm_load_more_text_color=&#8221;#000000&#8243; dsm_load_more_letter_spacing=&#8221;1px&#8221; border_radii_dsm_load_more_border=&#8221;on|5px|5px|5px|5px&#8221; border_width_all_dsm_load_more_border=&#8221;1px&#8221; border_color_all_dsm_load_more_border=&#8221;#000000&#8243; global_colors_info=&#8221;{}&#8221;][\/dsm_filterable_gallery][\/et_pb_column][\/et_pb_row][\/et_pb_section][et_pb_section fb_built=&#8221;1&#8243; custom_padding_last_edited=&#8221;on|tablet&#8221; admin_label=&#8221;Details&#8221; _builder_version=&#8221;4.27.0&#8243; _module_preset=&#8221;default&#8221; custom_margin=&#8221;||30px||false|false&#8221; custom_padding=&#8221;0px||0px||false|false&#8221; custom_padding_tablet=&#8221;0px||||false|false&#8221; custom_padding_phone=&#8221;0px||||false|false&#8221; da_disable_devices=&#8221;off|off|off&#8221; global_colors_info=&#8221;{}&#8221; da_is_popup=&#8221;off&#8221; da_exit_intent=&#8221;off&#8221; da_has_close=&#8221;on&#8221; da_alt_close=&#8221;off&#8221; da_dark_close=&#8221;off&#8221; da_not_modal=&#8221;on&#8221; da_is_singular=&#8221;off&#8221; da_with_loader=&#8221;off&#8221; da_has_shadow=&#8221;on&#8221;][et_pb_row column_structure=&#8221;2_3,1_3&#8243; _builder_version=&#8221;4.27.0&#8243; _module_preset=&#8221;default&#8221; max_width=&#8221;80%&#8221; custom_margin_tablet=&#8221;&#8221; custom_margin_phone=&#8221;20px||||false|false&#8221; custom_margin_last_edited=&#8221;on|tablet&#8221; global_colors_info=&#8221;{}&#8221;][et_pb_column type=&#8221;2_3&#8243; _builder_version=&#8221;4.18.0&#8243; _module_preset=&#8221;default&#8221; global_colors_info=&#8221;{}&#8221;][et_pb_text _builder_version=&#8221;4.27.4&#8243; _module_preset=&#8221;default&#8221; header_2_text_color=&#8221;#000000&#8243; header_2_font_size=&#8221;25px&#8221; custom_margin=&#8221;||20px||false|false&#8221; custom_padding=&#8221;||10px||false|false&#8221; header_2_font_size_tablet=&#8221;25px&#8221; header_2_font_size_phone=&#8221;20px&#8221; border_width_bottom=&#8221;1px&#8221; border_color_bottom=&#8221;#e9ebed&#8221; global_colors_info=&#8221;{}&#8221;]<\/p>\n<h2>elegant renovated loft in the city centre <\/h2>\n<p>[\/et_pb_text][et_pb_wc_description description_type=&#8221;description&#8221; _builder_version=&#8221;4.27.2&#8243; _module_preset=&#8221;default&#8221; body_font=&#8221;|300|||||||&#8221; body_line_height=&#8221;1.8em&#8221; custom_margin=&#8221;||15px||false|false&#8221; global_colors_info=&#8221;{}&#8221;][\/et_pb_wc_description][et_pb_text _builder_version=&#8221;4.27.4&#8243; _module_preset=&#8221;1f09816e-184e-4ce5-a4cf-b39c52c423ca&#8221; text_text_color=&#8221;#F97D02&#8243; custom_margin=&#8221;||30px||false|false&#8221; custom_padding=&#8221;||21px|||&#8221; text_font_size_tablet=&#8221;16px&#8221; text_font_size_phone=&#8221;16px&#8221; text_font_size_last_edited=&#8221;on|tablet&#8221; header_font_size_tablet=&#8221;55px&#8221; header_font_size_last_edited=&#8221;off|desktop&#8221; locked=&#8221;off&#8221; global_colors_info=&#8221;{}&#8221;]<\/p>\n<p><strong>Reference: LA2333 \u2013 For Rent<\/strong><\/p>\n<p>[\/et_pb_text][dsm_advanced_tabs dsm_tabs_trigger=&#8221;hover&#8221; dsm_show_arrow=&#8221;off&#8221; dsm_tabs_gap=&#8221;2px&#8221; dsm_tabs_bg_color=&#8221;RGBA(255,255,255,0)&#8221; dsm_tabs_active_bg_color=&#8221;#F97D02&#8243; dsm_tabs_active_text_color=&#8221;#FFFFFF&#8221; dsm_content_bg_color=&#8221;RGBA(255,255,255,0)&#8221; dsm_content_margin=&#8221;2px||||false|false&#8221; dsm_content_padding=&#8221;15px|30px|15px|30px|true|true&#8221; dsm_tabs_wrapper_alignment=&#8221;left&#8221; dsm_tabs_gap_tablet=&#8221;5px&#8221; dsm_tabs_gap_phone=&#8221;5px&#8221; dsm_tabs_gap_last_edited=&#8221;on|tablet&#8221; dsm_content_padding_tablet=&#8221;15px|30px|15px|30px|true|true&#8221; dsm_content_padding_phone=&#8221;|10px||10px|true|true&#8221; dsm_content_padding_last_edited=&#8221;on|desktop&#8221; _builder_version=&#8221;4.27.4&#8243; _module_preset=&#8221;default&#8221; tab_title_font=&#8221;|||on|||||&#8221; tab_title_font_size=&#8221;16px&#8221; tab_title_letter_spacing=&#8221;0.1em&#8221; content_title_font=&#8221;||||||||&#8221; content_title_text_color=&#8221;#000000&#8243; tab_content_text_font=&#8221;|300|||||||&#8221; tab_content_text_text_color=&#8221;#000000&#8243; custom_margin_tablet=&#8221;&#8221; custom_margin_phone=&#8221;40px||||false|false&#8221; custom_margin_last_edited=&#8221;on|phone&#8221; custom_padding=&#8221;||20px||false|false&#8221; border_width_all=&#8221;0px&#8221; border_color_all=&#8221;RGBA(255,255,255,0)&#8221; border_width_all_dsm_tabs_border=&#8221;1px&#8221; border_color_all_dsm_tabs_border=&#8221;#e9ebed&#8221; border_color_all_dsm_active_tabs_border=&#8221;RGBA(255,255,255,0)&#8221; border_color_all_dsm_tabs_wrapper_border=&#8221;RGBA(255,255,255,0)&#8221; border_width_all_dsm_content_border=&#8221;1px&#8221; border_color_all_dsm_content_border=&#8221;#e9ebed&#8221; global_colors_info=&#8221;{}&#8221;][dsm_advanced_tabs_child dsm_title=&#8221;General Information&#8221; dsm_content=&#8221;<\/p>\n<p>City: La Rochelle<\/p>\n<p>Property Type: Apartment<\/p>\n<p>Type: T2<\/p>\n<p>Living area: 74.95 m\u00b2<\/p>\n<p>Price: \u20ac1,260\/month (charges included)<\/p>\n<p>&#8221; _builder_version=&#8221;4.27.4&#8243; _module_preset=&#8221;default&#8221; tab_subtitle_font=&#8221;||||||||&#8221; content_title_font=&#8221;|300|||||||&#8221; tab_content_text_font=&#8221;|300|||||||&#8221; tab_content_text_font_size=&#8221;16px&#8221; tab_content_text_line_height=&#8221;1.2em&#8221; global_colors_info=&#8221;{}&#8221; parentOrderClass=&#8221;dsm_advanced_tabs_0&#8243;][\/dsm_advanced_tabs_child][dsm_advanced_tabs_child dsm_title=&#8221;Accommodation&#8221; dsm_content=&#8221;<\/p>\n<p>Unfurnished apartment<\/p>\n<p>2 rooms<\/p>\n<p>1 bright living room with 1 fitted and equipped kitchen <\/p>\n<p>1 sleeping area with integrated storage<\/p>\n<p>1 shower room<\/p>\n<p>1 separate toilet<\/p>\n<p>1 laundry room <\/p>\n<p>1 dressing room<\/p>\n<p>EPC D<\/p>\n<p>&#8221; _builder_version=&#8221;4.27.4&#8243; _module_preset=&#8221;default&#8221; tab_subtitle_font=&#8221;||||||||&#8221; content_title_font=&#8221;|300|||||||&#8221; tab_content_text_font=&#8221;|300|||||||&#8221; tab_content_text_font_size=&#8221;16px&#8221; tab_content_text_line_height=&#8221;1.2em&#8221; global_colors_info=&#8221;{}&#8221; parentOrderClass=&#8221;dsm_advanced_tabs_0&#8243;][\/dsm_advanced_tabs_child][dsm_advanced_tabs_child dsm_title=&#8221;Residence&#8221; dsm_content=&#8221;<\/p>\n<p>Floor: 2\/2<\/p>\n<p>Co-ownership: Yes<\/p>\n<p>&#8221; _builder_version=&#8221;4.27.4&#8243; _module_preset=&#8221;default&#8221; tab_subtitle_font=&#8221;||||||||&#8221; content_title_font=&#8221;|300|||||||&#8221; tab_content_text_font=&#8221;|300|||||||&#8221; tab_content_text_font_size=&#8221;16px&#8221; tab_content_text_line_height=&#8221;1.2em&#8221; global_colors_info=&#8221;{}&#8221; parentOrderClass=&#8221;dsm_advanced_tabs_0&#8243;][\/dsm_advanced_tabs_child][\/dsm_advanced_tabs][\/et_pb_column][et_pb_column type=&#8221;1_3&#8243; _builder_version=&#8221;4.27.0&#8243; _module_preset=&#8221;default&#8221; background_color=&#8221;RGBA(255,255,255,0)&#8221; custom_padding=&#8221;40px|40px|40px|40px|true|true&#8221; custom_padding_tablet=&#8221;40px|40px|40px|40px|true|true&#8221; custom_padding_phone=&#8221;||||false|true&#8221; custom_padding_last_edited=&#8221;on|phone&#8221; sticky_position=&#8221;top&#8221; sticky_limit_bottom=&#8221;section&#8221; sticky_position_tablet=&#8221;none&#8221; sticky_position_phone=&#8221;none&#8221; sticky_position_last_edited=&#8221;on|desktop&#8221; border_width_all=&#8221;1px&#8221; border_color_all=&#8221;#F97D02&#8243; box_shadow_style=&#8221;preset2&#8243; global_colors_info=&#8221;{}&#8221;][et_pb_text _builder_version=&#8221;4.27.0&#8243; _module_preset=&#8221;e6504a1b-67eb-4b3d-b023-bcab277610b6&#8243; text_font=&#8221;|||on|||||&#8221; text_text_color=&#8221;#FFFFFF&#8221; header_2_font=&#8221;|||on|||||&#8221; header_2_font_size=&#8221;20px&#8221; header_4_font=&#8221;Ubuntu|700||on|||||&#8221; header_4_text_color=&#8221;#FFFFFF&#8221; header_4_font_size=&#8221;14px&#8221; header_4_line_height=&#8221;1.5em&#8221; custom_margin=&#8221;||0px||false|false&#8221; custom_padding=&#8221;10px||10px||true|false&#8221; header_2_font_size_tablet=&#8221;20px&#8221; header_2_font_size_phone=&#8221;18px&#8221; header_2_font_size_last_edited=&#8221;on|desktop&#8221; border_color_all=&#8221;rgba(255,255,255,0.36)&#8221; border_width_bottom=&#8221;1px&#8221; border_color_bottom=&#8221;#EAEBE6&#8243; locked=&#8221;off&#8221; global_colors_info=&#8221;{}&#8221; text_text_color__hover_enabled=&#8221;on|hover&#8221; text_text_color__hover=&#8221;RGBA(255,255,255,0)&#8221; header_2_text_color__hover_enabled=&#8221;on|hover&#8221; header_2_text_color__hover=&#8221;#F97D02&#8243;]<\/p>\n<h2 style=\"text-align: center;\"><strong>Contact Us<\/strong><\/h2>\n<p>[\/et_pb_text][dsm_contact_form_7 cf7_library=&#8221;4846&#8243; label_bottom_spacing=&#8221;0px&#8221; button_alignment=&#8221;right&#8221; input_background_color=&#8221;RGBA(255,255,255,0)&#8221; _builder_version=&#8221;4.27.0&#8243; _module_preset=&#8221;default&#8221; labels_font=&#8221;&#8211;et_global_heading_font||||||||&#8221; labels_text_color=&#8221;#000000&#8243; labels_letter_spacing=&#8221;2px&#8221; input_textarea_select_font=&#8221;&#8211;et_global_body_font||||||||&#8221; input_textarea_select_text_color=&#8221;#000000&#8243; input_textarea_select_font_size=&#8221;15px&#8221; input_textarea_select_letter_spacing=&#8221;0.1em&#8221; placeholder_text_color=&#8221;#000000&#8243; placeholder_font_size=&#8221;16px&#8221; placeholder_letter_spacing=&#8221;0em&#8221; radio_checkbox_font=&#8221;|300||on|||||&#8221; radio_checkbox_text_color=&#8221;#000000&#8243; radio_checkbox_font_size=&#8221;13px&#8221; radio_checkbox_letter_spacing=&#8221;0.1em&#8221; error_msg_font=&#8221;|600|||||||&#8221; error_msg_text_color=&#8221;#F97D02&#8243; error_msg_letter_spacing=&#8221;0.1em&#8221; success_validation_text_color=&#8221;#000000&#8243; custom_button_one=&#8221;on&#8221; button_one_text_size=&#8221;16px&#8221; button_one_text_color=&#8221;#FFFFFF&#8221; button_one_bg_color=&#8221;#F97D02&#8243; button_one_letter_spacing=&#8221;0.1em&#8221; button_one_font=&#8221;|||on|||||&#8221; button_one_custom_margin=&#8221;15px||||false|false&#8221; custom_margin=&#8221;20px||||false|false&#8221; border_width_bottom_image=&#8221;1px&#8221; border_color_bottom_image=&#8221;#e9ebed&#8221; global_colors_info=&#8221;{}&#8221; button_one_bg_color__hover_enabled=&#8221;on|desktop&#8221; button_one_bg_color__hover=&#8221;RGBA(255,255,255,0)&#8221; button_one_bg_enable_color__hover=&#8221;on&#8221; button_one_text_color__hover_enabled=&#8221;on|hover&#8221; button_one_text_color__hover=&#8221;#F97D02&#8243; button_one_border_color__hover_enabled=&#8221;on|hover&#8221; button_one_border_color__hover=&#8221;#F97D02&#8243;][\/dsm_contact_form_7][\/et_pb_column][\/et_pb_row][\/et_pb_section]<\/p>\n","protected":false},"excerpt":{"rendered":"<p>Two-Room Loft Apartment La Rochelle: unique architect-designed loft in the city centre, fully renovated, steps from the market and the Old Port. Reference LA2333 <\/p>\n","protected":false},"featured_media":8061,"template":"","meta":{"_et_pb_use_builder":"on","_et_pb_old_content":"<div class=\"pageDetail__tableBlock pageDetail__tableBlock--group pageDetail__tableBlock--right \">\r\n<div id=\"detailsBlock\" class=\"pageDetail__tableBlock pageDetail__tableBlock--right \">\r\n<div class=\"pageDetail__tableBlockContent\">\r\n<div id=\"tabs_details\" class=\"tabs_details_cont ui-tabs ui-widget ui-widget-content ui-corner-all\">\r\n<div id=\"tabs-1\" class=\"tab_details detailsField__details ui-tabs-panel ui-widget-content ui-corner-bottom\">\r\n<div class=\"details_textarea textarea_container\">\r\n<div><strong>LA ROCHELLE \u2013 Centre historique -\u00a0<\/strong>Loft atypique enti\u00e8rement r\u00e9nov\u00e9 \u2013 74.95M2<\/div>\r\nEn plein c\u0153ur du centre historique, dans une rue recherch\u00e9e \u00e0 deux pas du march\u00e9 et du Vieux-Port, d\u00e9couvrez ce superbe appartement type loft, enti\u00e8rement r\u00e9nov\u00e9. Ce bien unique se distingue par sa configuration, sans cloisonnement traditionnel.\r\nLes diff\u00e9rents espaces sont structur\u00e9s par des am\u00e9nagements sur-mesure et des cloisons int\u00e9grant des rangements, permettant de concilier esth\u00e9tisme, fonctionnalit\u00e9 et confort au quotidien.\r\n\r\nL\u2019appartement se compose :\r\n<ul type=\"disc\">\r\n \t<li>d\u2019une vaste pi\u00e8ce de vie lumineuse<\/li>\r\n \t<li>d\u2019une cuisine am\u00e9nag\u00e9e et \u00e9quip\u00e9e<\/li>\r\n \t<li>d\u2019un espace nuit avec rangements int\u00e9gr\u00e9s<\/li>\r\n \t<li>d\u2019une salle d\u2019eau moderne<\/li>\r\n \t<li>WC s\u00e9par\u00e9s<\/li>\r\n \t<li>une buanderie<\/li>\r\n \t<li>un dressing<\/li>\r\n<\/ul>\r\nAtouts :\r\n<ul type=\"disc\">\r\n \t<li>emplacement premium en hypercentre<\/li>\r\n \t<li>r\u00e9novation r\u00e9cente de qualit\u00e9<\/li>\r\n \t<li>bien atypique et plein de charme<\/li>\r\n \t<li>nombreux rangements int\u00e9gr\u00e9s<\/li>\r\n \t<li>cave<\/li>\r\n<\/ul>\r\n\ud83d\udc49 Ce bien s\u2019adresse id\u00e9alement \u00e0 une personne ou un couple \u00e0 la recherche d\u2019un lieu de vie singulier et chaleureux, au c\u0153ur de La Rochelle.\r\n\r\n<\/div>\r\n<\/div>\r\n<\/div>\r\n<\/div>\r\n<\/div>\r\n<\/div>","_et_gb_content_width":""},"product_brand":[],"product_cat":[266],"product_tag":[267],"wf_product_folders":[],"class_list":{"0":"post-8044","1":"product","2":"type-product","3":"status-publish","4":"has-post-thumbnail","6":"product_cat-rentals","7":"product_tag-la-rochelle","8":"pa_ameublement-unfurnished","9":"pa_localisation-la-rochelle-17","10":"pa_type-de-bien-apartment","11":"pa_type-de-bien-loft","13":"first","14":"instock","15":"taxable","16":"shipping-taxable","17":"purchasable","18":"product-type-simple"},"_links":{"self":[{"href":"https:\/\/agence-viva.fr\/en\/wp-json\/wp\/v2\/product\/8044","targetHints":{"allow":["GET"]}}],"collection":[{"href":"https:\/\/agence-viva.fr\/en\/wp-json\/wp\/v2\/product"}],"about":[{"href":"https:\/\/agence-viva.fr\/en\/wp-json\/wp\/v2\/types\/product"}],"wp:featuredmedia":[{"embeddable":true,"href":"https:\/\/agence-viva.fr\/en\/wp-json\/wp\/v2\/media\/8061"}],"wp:attachment":[{"href":"https:\/\/agence-viva.fr\/en\/wp-json\/wp\/v2\/media?parent=8044"}],"wp:term":[{"taxonomy":"product_brand","embeddable":true,"href":"https:\/\/agence-viva.fr\/en\/wp-json\/wp\/v2\/product_brand?post=8044"},{"taxonomy":"product_cat","embeddable":true,"href":"https:\/\/agence-viva.fr\/en\/wp-json\/wp\/v2\/product_cat?post=8044"},{"taxonomy":"product_tag","embeddable":true,"href":"https:\/\/agence-viva.fr\/en\/wp-json\/wp\/v2\/product_tag?post=8044"},{"taxonomy":"wf_product_folders","embeddable":true,"href":"https:\/\/agence-viva.fr\/en\/wp-json\/wp\/v2\/wf_product_folders?post=8044"}],"curies":[{"name":"wp","href":"https:\/\/api.w.org\/{rel}","templated":true}]}}