{"id":7985,"date":"2026-03-27T10:50:42","date_gmt":"2026-03-27T09:50:42","guid":{"rendered":"https:\/\/agence-viva.fr\/?post_type=product&#038;p=7985"},"modified":"2026-03-27T11:42:42","modified_gmt":"2026-03-27T10:42:42","slug":"t5-apartment-la-rochelle-copie-2","status":"publish","type":"product","link":"https:\/\/agence-viva.fr\/en\/bien\/t5-apartment-la-rochelle-copie-2\/","title":{"rendered":"T3 Apartment La Rochelle"},"content":{"rendered":"<p>[et_pb_section fb_built=&#8221;1&#8243; admin_label=&#8221;Gallery&#8221; _builder_version=&#8221;4.24.2&#8243; _module_preset=&#8221;default&#8221; custom_margin=&#8221;40px||||false|false&#8221; custom_margin_tablet=&#8221;0px||||false|false&#8221; custom_margin_phone=&#8221;0px||||false|false&#8221; custom_margin_last_edited=&#8221;on|tablet&#8221; custom_padding=&#8221;0px||0px||true|&#8221; da_disable_devices=&#8221;off|off|off&#8221; collapsed=&#8221;off&#8221; global_colors_info=&#8221;{}&#8221; da_is_popup=&#8221;off&#8221; da_exit_intent=&#8221;off&#8221; da_has_close=&#8221;on&#8221; da_alt_close=&#8221;off&#8221; da_dark_close=&#8221;off&#8221; da_not_modal=&#8221;on&#8221; da_is_singular=&#8221;off&#8221; da_with_loader=&#8221;off&#8221; da_has_shadow=&#8221;on&#8221;][et_pb_row column_structure=&#8221;3_4,1_4&#8243; _builder_version=&#8221;4.27.4&#8243; _module_preset=&#8221;default&#8221; max_width=&#8221;80%&#8221; custom_margin=&#8221;||||false|false&#8221; custom_padding=&#8221;||0px||false|false&#8221; global_colors_info=&#8221;{}&#8221;][et_pb_column type=&#8221;3_4&#8243; _builder_version=&#8221;4.27.4&#8243; _module_preset=&#8221;default&#8221; global_colors_info=&#8221;{}&#8221;][et_pb_text _builder_version=&#8221;4.27.4&#8243; _module_preset=&#8221;b327cbe4-b1d5-4b66-ad37-40c8f2f061ba&#8221; header_font=&#8221;|||on|||||&#8221; header_text_color=&#8221;#000000&#8243; header_font_size=&#8221;30px&#8221; header_2_font=&#8221;Playfair Display|700|||||||&#8221; header_2_text_color=&#8221;#000000&#8243; header_2_font_size=&#8221;45px&#8221; header_2_line_height=&#8221;1.35em&#8221; text_orientation=&#8221;center&#8221; custom_margin=&#8221;||0px||false|false&#8221; header_font_size_tablet=&#8221;25px&#8221; header_font_size_phone=&#8221;19px&#8221; header_2_font_size_tablet=&#8221;32px&#8221; header_2_font_size_phone=&#8221;20px&#8221; header_2_font_size_last_edited=&#8221;on|desktop&#8221; locked=&#8221;off&#8221; global_colors_info=&#8221;{}&#8221;]<\/p>\n<h1 style=\"text-align: left;\">3-Room Apartment &#8211; 60 m\u00b2<\/h1>\n<p>[\/et_pb_text][et_pb_text _builder_version=&#8221;4.27.4&#8243; _module_preset=&#8221;b327cbe4-b1d5-4b66-ad37-40c8f2f061ba&#8221; text_font=&#8221;|||on|||||&#8221; text_text_color=&#8221;#F97D02&#8243; text_font_size=&#8221;22px&#8221; text_letter_spacing=&#8221;0.2em&#8221; text_line_height=&#8221;1.2em&#8221; header_font=&#8221;|||on|||||&#8221; header_text_color=&#8221;#000000&#8243; header_font_size=&#8221;30px&#8221; header_2_font=&#8221;||||||||&#8221; header_2_font_size=&#8221;24px&#8221; header_2_line_height=&#8221;1.35em&#8221; text_orientation=&#8221;center&#8221; custom_margin=&#8221;||0px||false|false&#8221; header_font_size_last_edited=&#8221;off|tablet&#8221; header_2_font_size_tablet=&#8221;25px&#8221; header_2_font_size_phone=&#8221;19px&#8221; locked=&#8221;off&#8221; global_colors_info=&#8221;{}&#8221;]<\/p>\n<h2 style=\"text-align: left;\">lafond district, La Rochelle (17)<\/h2>\n<p>[\/et_pb_text][\/et_pb_column][et_pb_column type=&#8221;1_4&#8243; _builder_version=&#8221;4.18.0&#8243; _module_preset=&#8221;default&#8221; global_colors_info=&#8221;{}&#8221;][et_pb_wc_price _builder_version=&#8221;4.27.2&#8243; _module_preset=&#8221;default&#8221; body_font=&#8221;DINPro Bold|800||on|||||&#8221; body_text_color=&#8221;#000000&#8243; body_font_size=&#8221;30px&#8221; body_letter_spacing=&#8221;0.2em&#8221; body_line_height=&#8221;1.2em&#8221; text_orientation=&#8221;right&#8221; body_font_size_tablet=&#8221;25px&#8221; body_font_size_phone=&#8221;19px&#8221; body_font_size_last_edited=&#8221;on|phone&#8221; text_orientation_tablet=&#8221;left&#8221; text_orientation_phone=&#8221;left&#8221; text_orientation_last_edited=&#8221;on|desktop&#8221; global_colors_info=&#8221;{}&#8221; body_orientation_tablet=&#8221;left&#8221; body_orientation_phone=&#8221;left&#8221; body_orientation_last_edited=&#8221;on|phone&#8221;][\/et_pb_wc_price][\/et_pb_column][\/et_pb_row][\/et_pb_section][et_pb_section fb_built=&#8221;1&#8243; admin_label=&#8221;Section&#8221; _builder_version=&#8221;4.24.2&#8243; _module_preset=&#8221;default&#8221; custom_margin_tablet=&#8221;&#8221; custom_margin_phone=&#8221;||-30px||false|false&#8221; custom_margin_last_edited=&#8221;on|desktop&#8221; custom_padding=&#8221;3px||0px|||&#8221; da_disable_devices=&#8221;off|off|off&#8221; global_colors_info=&#8221;{}&#8221; da_is_popup=&#8221;off&#8221; da_exit_intent=&#8221;off&#8221; da_has_close=&#8221;on&#8221; da_alt_close=&#8221;off&#8221; da_dark_close=&#8221;off&#8221; da_not_modal=&#8221;on&#8221; da_is_singular=&#8221;off&#8221; da_with_loader=&#8221;off&#8221; da_has_shadow=&#8221;on&#8221;][et_pb_row use_custom_gutter=&#8221;on&#8221; gutter_width=&#8221;2&#8243; _builder_version=&#8221;4.27.0&#8243; _module_preset=&#8221;default&#8221; max_width=&#8221;80%&#8221; global_colors_info=&#8221;{}&#8221;][et_pb_column type=&#8221;4_4&#8243; _builder_version=&#8221;4.27.0&#8243; _module_preset=&#8221;default&#8221; global_colors_info=&#8221;{}&#8221;][dsm_filterable_gallery gallery_ids=&#8221;7994,7995,7996,7997,7998,7999&#8243; dsm_number_of_columns=&#8221;2&#8243; dsm_image_sizes=&#8221;et-pb-post-main-image-fullwidth-large&#8221; dsm_show_filterable_gallery=&#8221;off&#8221; dsm_use_lightbox=&#8221;on&#8221; dsm_show_title_lightbox=&#8221;on&#8221; dsm_show_pagination=&#8221;on&#8221; dsm_use_zoom_on_hover=&#8221;on&#8221; dsm_load_more_text=&#8221;Voir toutes les photos&#8221; dsm_per_page=&#8221;6&#8243; dsm_load_more_bg_color=&#8221;RGBA(255,255,255,0)&#8221; dsm_load_more_padding=&#8221;10px|15px|10px|15px|true|false&#8221; dsm_number_of_columns_tablet=&#8221;2&#8243; dsm_number_of_columns_phone=&#8221;1&#8243; dsm_number_of_columns_last_edited=&#8221;on|phone&#8221; _builder_version=&#8221;4.27.4&#8243; _module_preset=&#8221;default&#8221; dsm_load_more_font=&#8221;|||on|||||&#8221; dsm_load_more_text_color=&#8221;#000000&#8243; dsm_load_more_letter_spacing=&#8221;1px&#8221; border_radii_dsm_load_more_border=&#8221;on|5px|5px|5px|5px&#8221; border_width_all_dsm_load_more_border=&#8221;1px&#8221; border_color_all_dsm_load_more_border=&#8221;#000000&#8243; global_colors_info=&#8221;{}&#8221;][\/dsm_filterable_gallery][\/et_pb_column][\/et_pb_row][\/et_pb_section][et_pb_section fb_built=&#8221;1&#8243; custom_padding_last_edited=&#8221;on|tablet&#8221; admin_label=&#8221;Details&#8221; _builder_version=&#8221;4.27.0&#8243; _module_preset=&#8221;default&#8221; custom_margin=&#8221;||30px||false|false&#8221; custom_padding=&#8221;0px||0px||false|false&#8221; custom_padding_tablet=&#8221;0px||||false|false&#8221; custom_padding_phone=&#8221;0px||||false|false&#8221; da_disable_devices=&#8221;off|off|off&#8221; global_colors_info=&#8221;{}&#8221; da_is_popup=&#8221;off&#8221; da_exit_intent=&#8221;off&#8221; da_has_close=&#8221;on&#8221; da_alt_close=&#8221;off&#8221; da_dark_close=&#8221;off&#8221; da_not_modal=&#8221;on&#8221; da_is_singular=&#8221;off&#8221; da_with_loader=&#8221;off&#8221; da_has_shadow=&#8221;on&#8221;][et_pb_row column_structure=&#8221;2_3,1_3&#8243; _builder_version=&#8221;4.27.0&#8243; _module_preset=&#8221;default&#8221; max_width=&#8221;80%&#8221; custom_margin_tablet=&#8221;&#8221; custom_margin_phone=&#8221;20px||||false|false&#8221; custom_margin_last_edited=&#8221;on|tablet&#8221; global_colors_info=&#8221;{}&#8221;][et_pb_column type=&#8221;2_3&#8243; _builder_version=&#8221;4.18.0&#8243; _module_preset=&#8221;default&#8221; global_colors_info=&#8221;{}&#8221;][et_pb_text _builder_version=&#8221;4.27.4&#8243; _module_preset=&#8221;default&#8221; header_2_text_color=&#8221;#000000&#8243; header_2_font_size=&#8221;25px&#8221; custom_margin=&#8221;||20px||false|false&#8221; custom_padding=&#8221;||10px||false|false&#8221; header_2_font_size_tablet=&#8221;25px&#8221; header_2_font_size_phone=&#8221;20px&#8221; border_width_bottom=&#8221;1px&#8221; border_color_bottom=&#8221;#e9ebed&#8221; global_colors_info=&#8221;{}&#8221;]<\/p>\n<h2>bright quiet apartment with south-facing balcony<\/h2>\n<p>[\/et_pb_text][et_pb_wc_description description_type=&#8221;description&#8221; _builder_version=&#8221;4.27.4&#8243; _module_preset=&#8221;default&#8221; body_font=&#8221;|300|||||||&#8221; body_line_height=&#8221;1.8em&#8221; custom_margin=&#8221;||15px||false|false&#8221; global_colors_info=&#8221;{}&#8221;][\/et_pb_wc_description][et_pb_text _builder_version=&#8221;4.27.4&#8243; _module_preset=&#8221;1f09816e-184e-4ce5-a4cf-b39c52c423ca&#8221; text_text_color=&#8221;#F97D02&#8243; custom_margin=&#8221;||30px||false|false&#8221; text_font_size_tablet=&#8221;16px&#8221; text_font_size_phone=&#8221;16px&#8221; text_font_size_last_edited=&#8221;on|tablet&#8221; header_font_size_tablet=&#8221;55px&#8221; header_font_size_last_edited=&#8221;off|desktop&#8221; locked=&#8221;off&#8221; global_colors_info=&#8221;{}&#8221;]<\/p>\n<p><strong>Reference: VA2327 &#8211; For sale<\/strong><\/p>\n<p>[\/et_pb_text][dsm_advanced_tabs dsm_tabs_trigger=&#8221;hover&#8221; dsm_show_arrow=&#8221;off&#8221; dsm_tabs_gap=&#8221;2px&#8221; dsm_tabs_bg_color=&#8221;RGBA(255,255,255,0)&#8221; dsm_tabs_active_bg_color=&#8221;#F97D02&#8243; dsm_tabs_active_text_color=&#8221;#FFFFFF&#8221; dsm_content_bg_color=&#8221;RGBA(255,255,255,0)&#8221; dsm_content_margin=&#8221;2px||||false|false&#8221; dsm_content_padding=&#8221;15px|30px|15px|30px|true|true&#8221; dsm_tabs_wrapper_alignment=&#8221;left&#8221; dsm_tabs_gap_tablet=&#8221;5px&#8221; dsm_tabs_gap_phone=&#8221;5px&#8221; dsm_tabs_gap_last_edited=&#8221;on|tablet&#8221; dsm_content_padding_tablet=&#8221;15px|30px|15px|30px|true|true&#8221; dsm_content_padding_phone=&#8221;|10px||10px|true|true&#8221; dsm_content_padding_last_edited=&#8221;on|desktop&#8221; _builder_version=&#8221;4.27.4&#8243; _module_preset=&#8221;default&#8221; tab_title_font=&#8221;|||on|||||&#8221; tab_title_font_size=&#8221;16px&#8221; tab_title_letter_spacing=&#8221;0.1em&#8221; content_title_font=&#8221;||||||||&#8221; content_title_text_color=&#8221;#000000&#8243; tab_content_text_font=&#8221;|300|||||||&#8221; tab_content_text_text_color=&#8221;#000000&#8243; custom_margin_tablet=&#8221;&#8221; custom_margin_phone=&#8221;40px||||false|false&#8221; custom_margin_last_edited=&#8221;on|phone&#8221; custom_padding=&#8221;||20px||false|false&#8221; border_width_all=&#8221;0px&#8221; border_color_all=&#8221;RGBA(255,255,255,0)&#8221; border_width_all_dsm_tabs_border=&#8221;1px&#8221; border_color_all_dsm_tabs_border=&#8221;#e9ebed&#8221; border_color_all_dsm_active_tabs_border=&#8221;RGBA(255,255,255,0)&#8221; border_color_all_dsm_tabs_wrapper_border=&#8221;RGBA(255,255,255,0)&#8221; border_width_all_dsm_content_border=&#8221;1px&#8221; border_color_all_dsm_content_border=&#8221;#e9ebed&#8221; global_colors_info=&#8221;{}&#8221;][dsm_advanced_tabs_child dsm_title=&#8221;General Information&#8221; dsm_content=&#8221;<\/p>\n<p>City: La Rochelle<\/p>\n<p>Property Type: Apartment<\/p>\n<p>Property Type: T3<\/p>\n<p>Living area: 60.19 m\u00b2<\/p>\n<p>Price: \u20ac327,050<\/p>\n<p>&#8221; _builder_version=&#8221;4.27.4&#8243; _module_preset=&#8221;default&#8221; tab_subtitle_font=&#8221;||||||||&#8221; content_title_font=&#8221;|300|||||||&#8221; tab_content_text_font=&#8221;|300|||||||&#8221; tab_content_text_font_size=&#8221;16px&#8221; tab_content_text_line_height=&#8221;1.2em&#8221; global_colors_info=&#8221;{}&#8221;][\/dsm_advanced_tabs_child][dsm_advanced_tabs_child dsm_title=&#8221;Accommodation&#8221; dsm_content=&#8221;<\/p>\n<p>Unfurnished apartment<\/p>\n<p>3 rooms<\/p>\n<p>1 fitted and equipped kitchen <\/p>\n<p>2 bedrooms<\/p>\n<p>2 shower rooms<\/p>\n<p>1 WC<\/p>\n<p>1 balcony<\/p>\n<p>1 parking space<\/p>\n<p>&#8221; _builder_version=&#8221;4.27.4&#8243; _module_preset=&#8221;default&#8221; tab_subtitle_font=&#8221;||||||||&#8221; content_title_font=&#8221;|300|||||||&#8221; tab_content_text_font=&#8221;|300|||||||&#8221; tab_content_text_font_size=&#8221;16px&#8221; tab_content_text_line_height=&#8221;1.2em&#8221; global_colors_info=&#8221;{}&#8221;][\/dsm_advanced_tabs_child][dsm_advanced_tabs_child dsm_title=&#8221;Residence&#8221; dsm_content=&#8221;<\/p>\n<p>Year of construction: 2013<\/p>\n<p>Year of refurbishment: 2025 (paintwork redone)<\/p>\n<p>&#8221; _builder_version=&#8221;4.27.4&#8243; _module_preset=&#8221;default&#8221; tab_subtitle_font=&#8221;||||||||&#8221; content_title_font=&#8221;|300|||||||&#8221; tab_content_text_font=&#8221;|300|||||||&#8221; tab_content_text_font_size=&#8221;16px&#8221; tab_content_text_line_height=&#8221;1.2em&#8221; global_colors_info=&#8221;{}&#8221;][\/dsm_advanced_tabs_child][\/dsm_advanced_tabs][\/et_pb_column][et_pb_column type=&#8221;1_3&#8243; _builder_version=&#8221;4.27.0&#8243; _module_preset=&#8221;default&#8221; background_color=&#8221;RGBA(255,255,255,0)&#8221; custom_padding=&#8221;40px|40px|40px|40px|true|true&#8221; custom_padding_tablet=&#8221;40px|40px|40px|40px|true|true&#8221; custom_padding_phone=&#8221;||||false|true&#8221; custom_padding_last_edited=&#8221;on|phone&#8221; sticky_position=&#8221;top&#8221; sticky_limit_bottom=&#8221;section&#8221; sticky_position_tablet=&#8221;none&#8221; sticky_position_phone=&#8221;none&#8221; sticky_position_last_edited=&#8221;on|desktop&#8221; border_width_all=&#8221;1px&#8221; border_color_all=&#8221;#F97D02&#8243; box_shadow_style=&#8221;preset2&#8243; global_colors_info=&#8221;{}&#8221;][et_pb_text _builder_version=&#8221;4.27.0&#8243; _module_preset=&#8221;e6504a1b-67eb-4b3d-b023-bcab277610b6&#8243; text_font=&#8221;|||on|||||&#8221; text_text_color=&#8221;#FFFFFF&#8221; header_2_font=&#8221;|||on|||||&#8221; header_2_font_size=&#8221;20px&#8221; header_4_font=&#8221;Ubuntu|700||on|||||&#8221; header_4_text_color=&#8221;#FFFFFF&#8221; header_4_font_size=&#8221;14px&#8221; header_4_line_height=&#8221;1.5em&#8221; custom_margin=&#8221;||0px||false|false&#8221; custom_padding=&#8221;10px||10px||true|false&#8221; header_2_font_size_tablet=&#8221;20px&#8221; header_2_font_size_phone=&#8221;18px&#8221; header_2_font_size_last_edited=&#8221;on|desktop&#8221; border_color_all=&#8221;rgba(255,255,255,0.36)&#8221; border_width_bottom=&#8221;1px&#8221; border_color_bottom=&#8221;#EAEBE6&#8243; locked=&#8221;off&#8221; global_colors_info=&#8221;{}&#8221; text_text_color__hover_enabled=&#8221;on|hover&#8221; text_text_color__hover=&#8221;RGBA(255,255,255,0)&#8221; header_2_text_color__hover_enabled=&#8221;on|hover&#8221; header_2_text_color__hover=&#8221;#F97D02&#8243;]<\/p>\n<h2 style=\"text-align: center;\"><strong>Contact Us<\/strong><\/h2>\n<p>[\/et_pb_text][dsm_contact_form_7 cf7_library=&#8221;4365&#8243; label_bottom_spacing=&#8221;0px&#8221; button_alignment=&#8221;right&#8221; input_background_color=&#8221;RGBA(255,255,255,0)&#8221; _builder_version=&#8221;4.27.0&#8243; _module_preset=&#8221;default&#8221; labels_font=&#8221;&#8211;et_global_heading_font||||||||&#8221; labels_text_color=&#8221;#000000&#8243; labels_letter_spacing=&#8221;2px&#8221; input_textarea_select_font=&#8221;&#8211;et_global_body_font||||||||&#8221; input_textarea_select_text_color=&#8221;#000000&#8243; input_textarea_select_font_size=&#8221;15px&#8221; input_textarea_select_letter_spacing=&#8221;0.1em&#8221; placeholder_text_color=&#8221;#000000&#8243; placeholder_font_size=&#8221;16px&#8221; placeholder_letter_spacing=&#8221;0em&#8221; radio_checkbox_font=&#8221;|300||on|||||&#8221; radio_checkbox_text_color=&#8221;#000000&#8243; radio_checkbox_font_size=&#8221;13px&#8221; radio_checkbox_letter_spacing=&#8221;0.1em&#8221; error_msg_font=&#8221;|600|||||||&#8221; error_msg_text_color=&#8221;#F97D02&#8243; error_msg_letter_spacing=&#8221;0.1em&#8221; success_validation_text_color=&#8221;#000000&#8243; custom_button_one=&#8221;on&#8221; button_one_text_size=&#8221;16px&#8221; button_one_text_color=&#8221;#FFFFFF&#8221; button_one_bg_color=&#8221;#F97D02&#8243; button_one_letter_spacing=&#8221;0.1em&#8221; button_one_font=&#8221;|||on|||||&#8221; button_one_custom_margin=&#8221;15px||||false|false&#8221; custom_margin=&#8221;20px||||false|false&#8221; border_width_bottom_image=&#8221;1px&#8221; border_color_bottom_image=&#8221;#e9ebed&#8221; global_colors_info=&#8221;{}&#8221; button_one_bg_color__hover_enabled=&#8221;on|desktop&#8221; button_one_bg_color__hover=&#8221;RGBA(255,255,255,0)&#8221; button_one_bg_enable_color__hover=&#8221;on&#8221; button_one_text_color__hover_enabled=&#8221;on|hover&#8221; button_one_text_color__hover=&#8221;#F97D02&#8243; button_one_border_color__hover_enabled=&#8221;on|hover&#8221; button_one_border_color__hover=&#8221;#F97D02&#8243;][\/dsm_contact_form_7][\/et_pb_column][\/et_pb_row][\/et_pb_section]<\/p>\n","protected":false},"excerpt":{"rendered":"<p data-start=\"220\" data-end=\"348\">Bright 3-room apartment in La Rochelle (Lafond) \u2013 67 m\u00b2 with south-facing balcony, recent quiet residence. Reference: VA2327 <\/p>\n","protected":false},"featured_media":8000,"template":"","meta":{"_et_pb_use_builder":"on","_et_pb_old_content":"Appartement T3 \u2013 67 m\u00b2 \u2013 Exposition plein Sud\r\n\r\nDans le secteur recherch\u00e9 et r\u00e9sidentiel de Lafond \u00e0 La Rochelle, au calme tout en \u00e9tant \u00e0 proximit\u00e9 imm\u00e9diate des commerces et des transports, d\u00e9couvrez ce charmant appartement T3 de 67 m\u00b2, situ\u00e9 au sein d'une copropri\u00e9t\u00e9 r\u00e9cente de 2 lots, parfaitement entretenue.\r\nCe bien lumineux, \u00e0 l\u2019agencement optimis\u00e9, s'\u00e9tablit sur plusieurs niveaux et offre des volumes agr\u00e9ables ainsi qu\u2019une belle exposition plein Sud.\r\n\r\nIl se compose :\r\n<ul data-end=\"1074\" data-start=\"673\">\r\n \t<li data-end=\"765\" data-section-id=\"1fe2mxm\" data-start=\"673\">Au rez-de-chauss\u00e9e : une chambre avec placard, une salle d\u2019eau et un WC ind\u00e9pendant.<\/li>\r\n \t<li data-end=\"966\" data-section-id=\"11rhyle\" data-start=\"766\">Au premier niveau : une pi\u00e8ce de vie de 31 m\u00b2 avec s\u00e9jour et cuisine ouverte, \u00e9quip\u00e9e et am\u00e9nag\u00e9e, avec une hauteur sous plafond g\u00e9n\u00e9reuse, baign\u00e9e de lumi\u00e8re gr\u00e2ce \u00e0 une large ouverture donnant acc\u00e8s \u00e0 un balcon de 11,22 m\u00b2 .<\/li>\r\n \t<li data-end=\"1074\" data-section-id=\"1yzij46\" data-start=\"967\">Au deuxi\u00e8me niveau : une seconde chambre avec sa salle d\u2019eau, id\u00e9ale pour un espace nuit ind\u00e9pendant.<\/li>\r\n<\/ul>\r\nUne place de stationnement compl\u00e8te le bien.\r\n\r\nLes atouts du bien :<br data-start=\"1100\" data-end=\"1103\" \/>- R\u00e9sidence r\u00e9cente de 2 lots (2013)<br data-start=\"1129\" data-end=\"1132\" \/>- Peintures refaites en 2025<br data-start=\"1160\" data-end=\"1163\" \/>- Exposition Sud<br data-start=\"1245\" data-end=\"1248\" \/>- Environnement calme et recherch\u00e9\r\n\r\nLe bien est lou\u00e9 depuis de nombreuses ann\u00e9es et jusqu'au 06\/06\/2026, avec un loyer mensuel de 1 200 \u20ac, offrant une rentabilit\u00e9 imm\u00e9diate et une excellente stabilit\u00e9 locative.\r\n\r\nUn bien cl\u00e9 en main, id\u00e9al pour une r\u00e9sidence principale ou un investissement locatif de qualit\u00e9.","_et_gb_content_width":""},"product_brand":[],"product_cat":[273,285],"product_tag":[267],"wf_product_folders":[],"class_list":{"0":"post-7985","1":"product","2":"type-product","3":"status-publish","4":"has-post-thumbnail","6":"product_cat-purchase","7":"product_cat-living","8":"product_tag-la-rochelle","9":"pa_ameublement-unfurnished","10":"pa_localisation-la-rochelle-17","11":"pa_type-de-bien-apartment","13":"first","14":"instock","15":"taxable","16":"shipping-taxable","17":"purchasable","18":"product-type-simple"},"_links":{"self":[{"href":"https:\/\/agence-viva.fr\/en\/wp-json\/wp\/v2\/product\/7985","targetHints":{"allow":["GET"]}}],"collection":[{"href":"https:\/\/agence-viva.fr\/en\/wp-json\/wp\/v2\/product"}],"about":[{"href":"https:\/\/agence-viva.fr\/en\/wp-json\/wp\/v2\/types\/product"}],"wp:featuredmedia":[{"embeddable":true,"href":"https:\/\/agence-viva.fr\/en\/wp-json\/wp\/v2\/media\/8000"}],"wp:attachment":[{"href":"https:\/\/agence-viva.fr\/en\/wp-json\/wp\/v2\/media?parent=7985"}],"wp:term":[{"taxonomy":"product_brand","embeddable":true,"href":"https:\/\/agence-viva.fr\/en\/wp-json\/wp\/v2\/product_brand?post=7985"},{"taxonomy":"product_cat","embeddable":true,"href":"https:\/\/agence-viva.fr\/en\/wp-json\/wp\/v2\/product_cat?post=7985"},{"taxonomy":"product_tag","embeddable":true,"href":"https:\/\/agence-viva.fr\/en\/wp-json\/wp\/v2\/product_tag?post=7985"},{"taxonomy":"wf_product_folders","embeddable":true,"href":"https:\/\/agence-viva.fr\/en\/wp-json\/wp\/v2\/wf_product_folders?post=7985"}],"curies":[{"name":"wp","href":"https:\/\/api.w.org\/{rel}","templated":true}]}}