{"id":7660,"date":"2026-02-05T13:59:51","date_gmt":"2026-02-05T12:59:51","guid":{"rendered":"https:\/\/agence-viva.fr\/?post_type=product&#038;p=7660"},"modified":"2026-04-28T14:06:25","modified_gmt":"2026-04-28T12:06:25","slug":"t5-apartment-la-rochelle-copie","status":"publish","type":"product","link":"https:\/\/agence-viva.fr\/en\/bien\/t5-apartment-la-rochelle-copie\/","title":{"rendered":"T5 House La Rochelle"},"content":{"rendered":"<p>[et_pb_section fb_built=&#8221;1&#8243; admin_label=&#8221;Gallery&#8221; _builder_version=&#8221;4.24.2&#8243; _module_preset=&#8221;default&#8221; custom_margin=&#8221;40px||||false|false&#8221; custom_margin_tablet=&#8221;0px||||false|false&#8221; custom_margin_phone=&#8221;0px||||false|false&#8221; custom_margin_last_edited=&#8221;on|tablet&#8221; custom_padding=&#8221;0px||0px||true|&#8221; da_disable_devices=&#8221;off|off|off&#8221; collapsed=&#8221;off&#8221; global_colors_info=&#8221;{}&#8221; da_is_popup=&#8221;off&#8221; da_exit_intent=&#8221;off&#8221; da_has_close=&#8221;on&#8221; da_alt_close=&#8221;off&#8221; da_dark_close=&#8221;off&#8221; da_not_modal=&#8221;on&#8221; da_is_singular=&#8221;off&#8221; da_with_loader=&#8221;off&#8221; da_has_shadow=&#8221;on&#8221;][et_pb_row column_structure=&#8221;3_4,1_4&#8243; _builder_version=&#8221;4.27.4&#8243; _module_preset=&#8221;default&#8221; max_width=&#8221;80%&#8221; custom_margin=&#8221;||||false|false&#8221; custom_padding=&#8221;||0px||false|false&#8221; global_colors_info=&#8221;{}&#8221;][et_pb_column type=&#8221;3_4&#8243; _builder_version=&#8221;4.27.4&#8243; _module_preset=&#8221;default&#8221; global_colors_info=&#8221;{}&#8221;][et_pb_text _builder_version=&#8221;4.27.4&#8243; _module_preset=&#8221;b327cbe4-b1d5-4b66-ad37-40c8f2f061ba&#8221; header_font=&#8221;|||on|||||&#8221; header_text_color=&#8221;#000000&#8243; header_font_size=&#8221;30px&#8221; header_2_font=&#8221;Playfair Display|700|||||||&#8221; header_2_text_color=&#8221;#000000&#8243; header_2_font_size=&#8221;45px&#8221; header_2_line_height=&#8221;1.35em&#8221; text_orientation=&#8221;center&#8221; custom_margin=&#8221;||0px||false|false&#8221; header_font_size_tablet=&#8221;25px&#8221; header_font_size_phone=&#8221;19px&#8221; header_2_font_size_tablet=&#8221;32px&#8221; header_2_font_size_phone=&#8221;20px&#8221; header_2_font_size_last_edited=&#8221;on|desktop&#8221; locked=&#8221;off&#8221; global_colors_info=&#8221;{}&#8221;]<\/p>\n<h1 style=\"text-align: left;\">T5 HOUSE &#8211; 122m\u00b2<\/h1>\n<p>[\/et_pb_text][et_pb_text _builder_version=&#8221;4.27.4&#8243; _module_preset=&#8221;b327cbe4-b1d5-4b66-ad37-40c8f2f061ba&#8221; text_font=&#8221;|||on|||||&#8221; text_text_color=&#8221;#F97D02&#8243; text_font_size=&#8221;22px&#8221; text_letter_spacing=&#8221;0.2em&#8221; text_line_height=&#8221;1.2em&#8221; header_font=&#8221;|||on|||||&#8221; header_text_color=&#8221;#000000&#8243; header_font_size=&#8221;30px&#8221; header_2_font=&#8221;||||||||&#8221; header_2_font_size=&#8221;24px&#8221; header_2_line_height=&#8221;1.35em&#8221; text_orientation=&#8221;center&#8221; custom_margin=&#8221;||0px||false|false&#8221; header_font_size_last_edited=&#8221;off|tablet&#8221; header_2_font_size_tablet=&#8221;25px&#8221; header_2_font_size_phone=&#8221;19px&#8221; locked=&#8221;off&#8221; global_colors_info=&#8221;{}&#8221;]<\/p>\n<h2 style=\"text-align: left;\">La Genette, La Rochelle (17)<\/h2>\n<p>[\/et_pb_text][\/et_pb_column][et_pb_column type=&#8221;1_4&#8243; _builder_version=&#8221;4.18.0&#8243; _module_preset=&#8221;default&#8221; global_colors_info=&#8221;{}&#8221;][et_pb_wc_price _builder_version=&#8221;4.27.2&#8243; _module_preset=&#8221;default&#8221; body_font=&#8221;DINPro Bold|800||on|||||&#8221; body_text_color=&#8221;#000000&#8243; body_font_size=&#8221;30px&#8221; body_letter_spacing=&#8221;0.2em&#8221; body_line_height=&#8221;1.2em&#8221; text_orientation=&#8221;right&#8221; body_font_size_tablet=&#8221;25px&#8221; body_font_size_phone=&#8221;19px&#8221; body_font_size_last_edited=&#8221;on|phone&#8221; text_orientation_tablet=&#8221;left&#8221; text_orientation_phone=&#8221;left&#8221; text_orientation_last_edited=&#8221;on|desktop&#8221; global_colors_info=&#8221;{}&#8221; body_orientation_tablet=&#8221;left&#8221; body_orientation_phone=&#8221;left&#8221; body_orientation_last_edited=&#8221;on|phone&#8221;][\/et_pb_wc_price][\/et_pb_column][\/et_pb_row][\/et_pb_section][et_pb_section fb_built=&#8221;1&#8243; admin_label=&#8221;Section&#8221; _builder_version=&#8221;4.24.2&#8243; _module_preset=&#8221;default&#8221; custom_margin_tablet=&#8221;&#8221; custom_margin_phone=&#8221;||-30px||false|false&#8221; custom_margin_last_edited=&#8221;on|desktop&#8221; custom_padding=&#8221;3px||0px|||&#8221; da_disable_devices=&#8221;off|off|off&#8221; global_colors_info=&#8221;{}&#8221; da_is_popup=&#8221;off&#8221; da_exit_intent=&#8221;off&#8221; da_has_close=&#8221;on&#8221; da_alt_close=&#8221;off&#8221; da_dark_close=&#8221;off&#8221; da_not_modal=&#8221;on&#8221; da_is_singular=&#8221;off&#8221; da_with_loader=&#8221;off&#8221; da_has_shadow=&#8221;on&#8221;][et_pb_row use_custom_gutter=&#8221;on&#8221; gutter_width=&#8221;2&#8243; _builder_version=&#8221;4.27.0&#8243; _module_preset=&#8221;default&#8221; max_width=&#8221;80%&#8221; global_colors_info=&#8221;{}&#8221;][et_pb_column type=&#8221;4_4&#8243; _builder_version=&#8221;4.27.0&#8243; _module_preset=&#8221;default&#8221; global_colors_info=&#8221;{}&#8221;][dsm_filterable_gallery gallery_ids=&#8221;7690,7689,7681,7687,7686,7678,7679,7688,7680,7682,7683,7684,7685,7677&#8243; dsm_number_of_columns=&#8221;4&#8243; dsm_image_sizes=&#8221;et-pb-post-main-image-fullwidth-large&#8221; dsm_show_filterable_gallery=&#8221;off&#8221; dsm_use_lightbox=&#8221;on&#8221; dsm_show_title_lightbox=&#8221;on&#8221; dsm_show_pagination=&#8221;on&#8221; dsm_use_zoom_on_hover=&#8221;on&#8221; dsm_load_more_text=&#8221;Voir toutes les photos&#8221; dsm_per_page=&#8221;6&#8243; dsm_load_more_bg_color=&#8221;RGBA(255,255,255,0)&#8221; dsm_load_more_padding=&#8221;10px|15px|10px|15px|true|false&#8221; dsm_number_of_columns_tablet=&#8221;2&#8243; dsm_number_of_columns_phone=&#8221;1&#8243; dsm_number_of_columns_last_edited=&#8221;on|phone&#8221; _builder_version=&#8221;4.27.4&#8243; _module_preset=&#8221;default&#8221; dsm_load_more_font=&#8221;|||on|||||&#8221; dsm_load_more_text_color=&#8221;#000000&#8243; dsm_load_more_letter_spacing=&#8221;1px&#8221; border_radii_dsm_load_more_border=&#8221;on|5px|5px|5px|5px&#8221; border_width_all_dsm_load_more_border=&#8221;1px&#8221; border_color_all_dsm_load_more_border=&#8221;#000000&#8243; global_colors_info=&#8221;{}&#8221;][\/dsm_filterable_gallery][\/et_pb_column][\/et_pb_row][\/et_pb_section][et_pb_section fb_built=&#8221;1&#8243; custom_padding_last_edited=&#8221;on|tablet&#8221; admin_label=&#8221;Details&#8221; _builder_version=&#8221;4.27.0&#8243; _module_preset=&#8221;default&#8221; custom_margin=&#8221;||30px||false|false&#8221; custom_padding=&#8221;0px||0px||false|false&#8221; custom_padding_tablet=&#8221;0px||||false|false&#8221; custom_padding_phone=&#8221;0px||||false|false&#8221; da_disable_devices=&#8221;off|off|off&#8221; global_colors_info=&#8221;{}&#8221; da_is_popup=&#8221;off&#8221; da_exit_intent=&#8221;off&#8221; da_has_close=&#8221;on&#8221; da_alt_close=&#8221;off&#8221; da_dark_close=&#8221;off&#8221; da_not_modal=&#8221;on&#8221; da_is_singular=&#8221;off&#8221; da_with_loader=&#8221;off&#8221; da_has_shadow=&#8221;on&#8221;][et_pb_row column_structure=&#8221;2_3,1_3&#8243; _builder_version=&#8221;4.27.0&#8243; _module_preset=&#8221;default&#8221; max_width=&#8221;80%&#8221; custom_margin_tablet=&#8221;&#8221; custom_margin_phone=&#8221;20px||||false|false&#8221; custom_margin_last_edited=&#8221;on|tablet&#8221; global_colors_info=&#8221;{}&#8221;][et_pb_column type=&#8221;2_3&#8243; _builder_version=&#8221;4.18.0&#8243; _module_preset=&#8221;default&#8221; global_colors_info=&#8221;{}&#8221;][et_pb_text _builder_version=&#8221;4.27.4&#8243; _module_preset=&#8221;default&#8221; header_2_text_color=&#8221;#000000&#8243; header_2_font_size=&#8221;25px&#8221; custom_margin=&#8221;||20px||false|false&#8221; custom_padding=&#8221;||10px||false|false&#8221; header_2_font_size_tablet=&#8221;25px&#8221; header_2_font_size_phone=&#8221;20px&#8221; border_width_bottom=&#8221;1px&#8221; border_color_bottom=&#8221;#e9ebed&#8221; global_colors_info=&#8221;{}&#8221;]<\/p>\n<h2>House with pool in the heart of La Genette<\/h2>\n<p>[\/et_pb_text][et_pb_wc_description description_type=&#8221;description&#8221; _builder_version=&#8221;4.27.4&#8243; _module_preset=&#8221;default&#8221; body_font=&#8221;|300|||||||&#8221; body_line_height=&#8221;1.8em&#8221; custom_margin=&#8221;||15px||false|false&#8221; global_colors_info=&#8221;{}&#8221;][\/et_pb_wc_description][et_pb_text _builder_version=&#8221;4.27.4&#8243; _module_preset=&#8221;1f09816e-184e-4ce5-a4cf-b39c52c423ca&#8221; text_text_color=&#8221;#F97D02&#8243; custom_margin=&#8221;||30px||false|false&#8221; text_font_size_tablet=&#8221;16px&#8221; text_font_size_phone=&#8221;16px&#8221; text_font_size_last_edited=&#8221;on|tablet&#8221; header_font_size_tablet=&#8221;55px&#8221; header_font_size_last_edited=&#8221;off|desktop&#8221; locked=&#8221;off&#8221; global_colors_info=&#8221;{}&#8221;]<\/p>\n<p><strong>Reference: VM292 &#8211; For Sale<\/strong><\/p>\n<p>[\/et_pb_text][dsm_advanced_tabs dsm_tabs_trigger=&#8221;hover&#8221; dsm_show_arrow=&#8221;off&#8221; dsm_tabs_gap=&#8221;2px&#8221; dsm_tabs_bg_color=&#8221;RGBA(255,255,255,0)&#8221; dsm_tabs_active_bg_color=&#8221;#F97D02&#8243; dsm_tabs_active_text_color=&#8221;#FFFFFF&#8221; dsm_content_bg_color=&#8221;RGBA(255,255,255,0)&#8221; dsm_content_margin=&#8221;2px||||false|false&#8221; dsm_content_padding=&#8221;15px|30px|15px|30px|true|true&#8221; dsm_tabs_wrapper_alignment=&#8221;left&#8221; dsm_tabs_gap_tablet=&#8221;5px&#8221; dsm_tabs_gap_phone=&#8221;5px&#8221; dsm_tabs_gap_last_edited=&#8221;on|tablet&#8221; dsm_content_padding_tablet=&#8221;15px|30px|15px|30px|true|true&#8221; dsm_content_padding_phone=&#8221;|10px||10px|true|true&#8221; dsm_content_padding_last_edited=&#8221;on|desktop&#8221; _builder_version=&#8221;4.27.4&#8243; _module_preset=&#8221;default&#8221; tab_title_font=&#8221;|||on|||||&#8221; tab_title_font_size=&#8221;16px&#8221; tab_title_letter_spacing=&#8221;0.1em&#8221; content_title_font=&#8221;||||||||&#8221; content_title_text_color=&#8221;#000000&#8243; tab_content_text_font=&#8221;|300|||||||&#8221; tab_content_text_text_color=&#8221;#000000&#8243; custom_margin_tablet=&#8221;&#8221; custom_margin_phone=&#8221;40px||||false|false&#8221; custom_margin_last_edited=&#8221;on|phone&#8221; custom_padding=&#8221;||20px||false|false&#8221; border_width_all=&#8221;0px&#8221; border_color_all=&#8221;RGBA(255,255,255,0)&#8221; border_width_all_dsm_tabs_border=&#8221;1px&#8221; border_color_all_dsm_tabs_border=&#8221;#e9ebed&#8221; border_color_all_dsm_active_tabs_border=&#8221;RGBA(255,255,255,0)&#8221; border_color_all_dsm_tabs_wrapper_border=&#8221;RGBA(255,255,255,0)&#8221; border_width_all_dsm_content_border=&#8221;1px&#8221; border_color_all_dsm_content_border=&#8221;#e9ebed&#8221; global_colors_info=&#8221;{}&#8221;][dsm_advanced_tabs_child dsm_title=&#8221;General Information&#8221; dsm_content=&#8221;<\/p>\n<p>City: La Rochelle<\/p>\n<p>Property Type: House<\/p>\n<p>Property type: T5<\/p>\n<p>Living area: 122.60m\u00b2<\/p>\n<p>Price: 720,000\u20ac<\/p>\n<p>&#8221; _builder_version=&#8221;4.27.4&#8243; _module_preset=&#8221;default&#8221; tab_subtitle_font=&#8221;||||||||&#8221; content_title_font=&#8221;|300|||||||&#8221; tab_content_text_font=&#8221;|300|||||||&#8221; tab_content_text_font_size=&#8221;16px&#8221; tab_content_text_line_height=&#8221;1.2em&#8221; global_colors_info=&#8221;{}&#8221;][\/dsm_advanced_tabs_child][dsm_advanced_tabs_child dsm_title=&#8221;Accommodation&#8221; dsm_content=&#8221;<\/p>\n<p>Unfurnished apartment<\/p>\n<p>5 rooms<\/p>\n<p>1 fitted and equipped kitchen<\/p>\n<p>4 bedrooms including a master suite<\/p>\n<p>2 shower rooms<\/p>\n<p>2 toilets<\/p>\n<p>Garden with pool<\/p>\n<p>1 garage<\/p>\n<p>1 Terrace and 2 balconies<\/p>\n<p>&#8221; _builder_version=&#8221;4.27.4&#8243; _module_preset=&#8221;default&#8221; tab_subtitle_font=&#8221;||||||||&#8221; content_title_font=&#8221;|300|||||||&#8221; tab_content_text_font=&#8221;|300|||||||&#8221; tab_content_text_font_size=&#8221;16px&#8221; tab_content_text_line_height=&#8221;1.2em&#8221; global_colors_info=&#8221;{}&#8221;][\/dsm_advanced_tabs_child][dsm_advanced_tabs_child dsm_title=&#8221;Residence&#8221; dsm_content=&#8221;<\/p>\n<p>Year of construction: 1940<\/p>\n<p>Year of renovation: 2016<\/p>\n<p>&#8221; _builder_version=&#8221;4.27.4&#8243; _module_preset=&#8221;default&#8221; tab_subtitle_font=&#8221;||||||||&#8221; content_title_font=&#8221;|300|||||||&#8221; tab_content_text_font=&#8221;|300|||||||&#8221; tab_content_text_font_size=&#8221;16px&#8221; tab_content_text_line_height=&#8221;1.2em&#8221; global_colors_info=&#8221;{}&#8221;][\/dsm_advanced_tabs_child][\/dsm_advanced_tabs][\/et_pb_column][et_pb_column type=&#8221;1_3&#8243; _builder_version=&#8221;4.27.0&#8243; _module_preset=&#8221;default&#8221; background_color=&#8221;RGBA(255,255,255,0)&#8221; custom_padding=&#8221;40px|40px|40px|40px|true|true&#8221; custom_padding_tablet=&#8221;40px|40px|40px|40px|true|true&#8221; custom_padding_phone=&#8221;||||false|true&#8221; custom_padding_last_edited=&#8221;on|phone&#8221; sticky_position=&#8221;top&#8221; sticky_limit_bottom=&#8221;section&#8221; sticky_position_tablet=&#8221;none&#8221; sticky_position_phone=&#8221;none&#8221; sticky_position_last_edited=&#8221;on|desktop&#8221; border_width_all=&#8221;1px&#8221; border_color_all=&#8221;#F97D02&#8243; box_shadow_style=&#8221;preset2&#8243; global_colors_info=&#8221;{}&#8221;][et_pb_text _builder_version=&#8221;4.27.0&#8243; _module_preset=&#8221;e6504a1b-67eb-4b3d-b023-bcab277610b6&#8243; text_font=&#8221;|||on|||||&#8221; text_text_color=&#8221;#FFFFFF&#8221; header_2_font=&#8221;|||on|||||&#8221; header_2_font_size=&#8221;20px&#8221; header_4_font=&#8221;Ubuntu|700||on|||||&#8221; header_4_text_color=&#8221;#FFFFFF&#8221; header_4_font_size=&#8221;14px&#8221; header_4_line_height=&#8221;1.5em&#8221; custom_margin=&#8221;||0px||false|false&#8221; custom_padding=&#8221;10px||10px||true|false&#8221; header_2_font_size_tablet=&#8221;20px&#8221; header_2_font_size_phone=&#8221;18px&#8221; header_2_font_size_last_edited=&#8221;on|desktop&#8221; border_color_all=&#8221;rgba(255,255,255,0.36)&#8221; border_width_bottom=&#8221;1px&#8221; border_color_bottom=&#8221;#EAEBE6&#8243; locked=&#8221;off&#8221; global_colors_info=&#8221;{}&#8221; text_text_color__hover_enabled=&#8221;on|hover&#8221; text_text_color__hover=&#8221;RGBA(255,255,255,0)&#8221; header_2_text_color__hover_enabled=&#8221;on|hover&#8221; header_2_text_color__hover=&#8221;#F97D02&#8243;]<\/p>\n<h2 style=\"text-align: center;\"><strong>Contact Us<\/strong><\/h2>\n<p>[\/et_pb_text][dsm_contact_form_7 cf7_library=&#8221;4365&#8243; label_bottom_spacing=&#8221;0px&#8221; button_alignment=&#8221;right&#8221; input_background_color=&#8221;RGBA(255,255,255,0)&#8221; _builder_version=&#8221;4.27.0&#8243; _module_preset=&#8221;default&#8221; labels_font=&#8221;&#8211;et_global_heading_font||||||||&#8221; labels_text_color=&#8221;#000000&#8243; labels_letter_spacing=&#8221;2px&#8221; input_textarea_select_font=&#8221;&#8211;et_global_body_font||||||||&#8221; input_textarea_select_text_color=&#8221;#000000&#8243; input_textarea_select_font_size=&#8221;15px&#8221; input_textarea_select_letter_spacing=&#8221;0.1em&#8221; placeholder_text_color=&#8221;#000000&#8243; placeholder_font_size=&#8221;16px&#8221; placeholder_letter_spacing=&#8221;0em&#8221; radio_checkbox_font=&#8221;|300||on|||||&#8221; radio_checkbox_text_color=&#8221;#000000&#8243; radio_checkbox_font_size=&#8221;13px&#8221; radio_checkbox_letter_spacing=&#8221;0.1em&#8221; error_msg_font=&#8221;|600|||||||&#8221; error_msg_text_color=&#8221;#F97D02&#8243; error_msg_letter_spacing=&#8221;0.1em&#8221; success_validation_text_color=&#8221;#000000&#8243; custom_button_one=&#8221;on&#8221; button_one_text_size=&#8221;16px&#8221; button_one_text_color=&#8221;#FFFFFF&#8221; button_one_bg_color=&#8221;#F97D02&#8243; button_one_letter_spacing=&#8221;0.1em&#8221; button_one_font=&#8221;|||on|||||&#8221; button_one_custom_margin=&#8221;15px||||false|false&#8221; custom_margin=&#8221;20px||||false|false&#8221; border_width_bottom_image=&#8221;1px&#8221; border_color_bottom_image=&#8221;#e9ebed&#8221; global_colors_info=&#8221;{}&#8221; button_one_bg_color__hover_enabled=&#8221;on|desktop&#8221; button_one_bg_color__hover=&#8221;RGBA(255,255,255,0)&#8221; button_one_bg_enable_color__hover=&#8221;on&#8221; button_one_text_color__hover_enabled=&#8221;on|hover&#8221; button_one_text_color__hover=&#8221;#F97D02&#8243; button_one_border_color__hover_enabled=&#8221;on|hover&#8221; button_one_border_color__hover=&#8221;#F97D02&#8243;][\/dsm_contact_form_7][\/et_pb_column][\/et_pb_row][\/et_pb_section]<\/p>\n","protected":false},"excerpt":{"rendered":"<p>House with pool, La Rochelle city center \u2013 A favorite in La Genette for this spacious house. Reference: VM292. <\/p>\n","protected":false},"featured_media":7691,"template":"","meta":{"_et_pb_use_builder":"on","_et_pb_old_content":"<strong>COUP DE C\u0152UR \u2013 LA ROCHELLE \/ LA GENETTE - Maison de 122m\u00b2 avec piscine \u2013 Quartier recherch\u00e9\r\n<\/strong>\r\nId\u00e9alement situ\u00e9e dans le tr\u00e8s pris\u00e9 quartier de La Genette, cette maison avec piscine de 122 m\u00b2 offre un cadre de vie confortable et bien pens\u00e9.\r\nLa maison s\u2019articule autour de trois niveaux offrant \u00e0 chacun son espace :\r\n<ul type=\"disc\">\r\n \t<li>Rez-de-chauss\u00e9e : une chambre avec dressing et salle d\u2019eau, ouvrant directement sur la terrasse, le jardin et la piscine \u2014 un vrai confort au quotidien et un atout rare.<\/li>\r\n \t<li>Niveau principal : un espace de vie lumineux et convivial compos\u00e9 d\u2019un salon \/ salle \u00e0 manger donnant sur une seconde terrasse avec acc\u00e8s jardin, d\u2019une cuisine ouverte am\u00e9nag\u00e9e et \u00e9quip\u00e9e, ainsi que d\u2019un bureau avec balcon.<\/li>\r\n \t<li>Espace nuit : trois chambres et une salle d\u2019eau, au calme, id\u00e9ales pour pr\u00e9server l\u2019intimit\u00e9 de chacun.<\/li>\r\n<\/ul>\r\nLe jardin, intimiste et ensoleill\u00e9 (exposition Sud), agr\u00e9ment\u00e9 de sa piscine, offre un cadre de vie particuli\u00e8rement agr\u00e9able au quotidien en plein c\u0153ur de La Rochelle. Une garage pouvant accueillir un v\u00e9hicule compl\u00e8te ce bien ainsi qu'une cave.\r\n\r\nLa maison a \u00e9t\u00e9 enti\u00e8rement r\u00e9habilit\u00e9e avec soin et mat\u00e9riaux de qualit\u00e9 en 2016. Avec une isolation maximale. Une maison agr\u00e9able \u00e0 vivre, rare sur le secteur, parfaite en r\u00e9sidence principale comme secondaire.","_et_gb_content_width":""},"product_brand":[],"product_cat":[273,285],"product_tag":[267],"wf_product_folders":[],"class_list":{"0":"post-7660","1":"product","2":"type-product","3":"status-publish","4":"has-post-thumbnail","6":"product_cat-purchase","7":"product_cat-living","8":"product_tag-la-rochelle","9":"pa_ameublement-unfurnished","10":"pa_localisation-la-rochelle-17","11":"pa_type-de-bien-house","13":"first","14":"instock","15":"taxable","16":"shipping-taxable","17":"purchasable","18":"product-type-simple"},"_links":{"self":[{"href":"https:\/\/agence-viva.fr\/en\/wp-json\/wp\/v2\/product\/7660","targetHints":{"allow":["GET"]}}],"collection":[{"href":"https:\/\/agence-viva.fr\/en\/wp-json\/wp\/v2\/product"}],"about":[{"href":"https:\/\/agence-viva.fr\/en\/wp-json\/wp\/v2\/types\/product"}],"wp:featuredmedia":[{"embeddable":true,"href":"https:\/\/agence-viva.fr\/en\/wp-json\/wp\/v2\/media\/7691"}],"wp:attachment":[{"href":"https:\/\/agence-viva.fr\/en\/wp-json\/wp\/v2\/media?parent=7660"}],"wp:term":[{"taxonomy":"product_brand","embeddable":true,"href":"https:\/\/agence-viva.fr\/en\/wp-json\/wp\/v2\/product_brand?post=7660"},{"taxonomy":"product_cat","embeddable":true,"href":"https:\/\/agence-viva.fr\/en\/wp-json\/wp\/v2\/product_cat?post=7660"},{"taxonomy":"product_tag","embeddable":true,"href":"https:\/\/agence-viva.fr\/en\/wp-json\/wp\/v2\/product_tag?post=7660"},{"taxonomy":"wf_product_folders","embeddable":true,"href":"https:\/\/agence-viva.fr\/en\/wp-json\/wp\/v2\/wf_product_folders?post=7660"}],"curies":[{"name":"wp","href":"https:\/\/api.w.org\/{rel}","templated":true}]}}