{"id":7249,"date":"2026-02-16T11:30:15","date_gmt":"2026-02-16T10:30:15","guid":{"rendered":"https:\/\/agence-viva.fr\/bien\/exceptional-property-la-flotte-en-re\/"},"modified":"2026-03-16T10:33:57","modified_gmt":"2026-03-16T09:33:57","slug":"exceptional-property-la-flotte-en-re","status":"publish","type":"product","link":"https:\/\/agence-viva.fr\/en\/bien\/exceptional-property-la-flotte-en-re\/","title":{"rendered":"Exceptional Property La Flotte-en-R\u00e9"},"content":{"rendered":"<p>[et_pb_section fb_built=&#8221;1&#8243; admin_label=&#8221;Gallery&#8221; _builder_version=&#8221;4.24.2&#8243; _module_preset=&#8221;default&#8221; custom_margin=&#8221;40px||||false|false&#8221; custom_margin_tablet=&#8221;0px||||false|false&#8221; custom_margin_phone=&#8221;0px||||false|false&#8221; custom_margin_last_edited=&#8221;on|tablet&#8221; custom_padding=&#8221;0px||0px||true|&#8221; da_disable_devices=&#8221;off|off|off&#8221; collapsed=&#8221;off&#8221; global_colors_info=&#8221;{}&#8221; da_is_popup=&#8221;off&#8221; da_exit_intent=&#8221;off&#8221; da_has_close=&#8221;on&#8221; da_alt_close=&#8221;off&#8221; da_dark_close=&#8221;off&#8221; da_not_modal=&#8221;on&#8221; da_is_singular=&#8221;off&#8221; da_with_loader=&#8221;off&#8221; da_has_shadow=&#8221;on&#8221;][et_pb_row column_structure=&#8221;3_4,1_4&#8243; _builder_version=&#8221;4.27.0&#8243; _module_preset=&#8221;default&#8221; max_width=&#8221;80%&#8221; custom_margin=&#8221;||||false|false&#8221; custom_padding=&#8221;||0px||false|false&#8221; global_colors_info=&#8221;{}&#8221;][et_pb_column type=&#8221;3_4&#8243; _builder_version=&#8221;4.18.0&#8243; _module_preset=&#8221;default&#8221; global_colors_info=&#8221;{}&#8221;][et_pb_text _builder_version=&#8221;4.27.4&#8243; _module_preset=&#8221;b327cbe4-b1d5-4b66-ad37-40c8f2f061ba&#8221; header_font=&#8221;|||on|||||&#8221; header_text_color=&#8221;#000000&#8243; header_font_size=&#8221;30px&#8221; header_2_font=&#8221;Playfair Display|700|||||||&#8221; header_2_text_color=&#8221;#000000&#8243; header_2_font_size=&#8221;45px&#8221; header_2_line_height=&#8221;1.35em&#8221; text_orientation=&#8221;center&#8221; custom_margin=&#8221;||0px||false|false&#8221; header_font_size_tablet=&#8221;25px&#8221; header_font_size_phone=&#8221;19px&#8221; header_2_font_size_tablet=&#8221;32px&#8221; header_2_font_size_phone=&#8221;20px&#8221; header_2_font_size_last_edited=&#8221;on|desktop&#8221; locked=&#8221;off&#8221; global_colors_info=&#8221;{}&#8221;]<\/p>\n<h1 style=\"text-align: left;\">Exceptional Property<\/h1>\n<p>[\/et_pb_text][et_pb_text _builder_version=&#8221;4.27.3&#8243; _module_preset=&#8221;b327cbe4-b1d5-4b66-ad37-40c8f2f061ba&#8221; text_font=&#8221;|||on|||||&#8221; text_text_color=&#8221;#F97D02&#8243; text_font_size=&#8221;22px&#8221; text_letter_spacing=&#8221;0.2em&#8221; text_line_height=&#8221;1.2em&#8221; header_font=&#8221;|||on|||||&#8221; header_text_color=&#8221;#000000&#8243; header_font_size=&#8221;30px&#8221; header_2_font=&#8221;||||||||&#8221; header_2_font_size=&#8221;24px&#8221; header_2_line_height=&#8221;1.35em&#8221; text_orientation=&#8221;center&#8221; custom_margin=&#8221;||0px||false|false&#8221; header_font_size_last_edited=&#8221;off|tablet&#8221; header_2_font_size_tablet=&#8221;25px&#8221; header_2_font_size_phone=&#8221;19px&#8221; locked=&#8221;off&#8221; global_colors_info=&#8221;{}&#8221;]<\/p>\n<h2 style=\"text-align: left;\">La Flotte-en-R\u00e9, \u00cele-de-R\u00e9 (17)<\/h2>\n<p>[\/et_pb_text][\/et_pb_column][et_pb_column type=&#8221;1_4&#8243; _builder_version=&#8221;4.18.0&#8243; _module_preset=&#8221;default&#8221; global_colors_info=&#8221;{}&#8221;][et_pb_wc_price _builder_version=&#8221;4.27.4&#8243; _module_preset=&#8221;default&#8221; body_font=&#8221;DINPro Bold|800||on|||||&#8221; body_text_color=&#8221;#000000&#8243; body_font_size=&#8221;30px&#8221; body_letter_spacing=&#8221;0.2em&#8221; body_line_height=&#8221;1.2em&#8221; text_orientation=&#8221;right&#8221; body_font_size_tablet=&#8221;25px&#8221; body_font_size_phone=&#8221;19px&#8221; body_font_size_last_edited=&#8221;on|phone&#8221; text_orientation_tablet=&#8221;left&#8221; text_orientation_phone=&#8221;left&#8221; text_orientation_last_edited=&#8221;on|desktop&#8221; global_colors_info=&#8221;{}&#8221; body_orientation_tablet=&#8221;left&#8221; body_orientation_phone=&#8221;left&#8221; body_orientation_last_edited=&#8221;on|phone&#8221;][\/et_pb_wc_price][\/et_pb_column][\/et_pb_row][\/et_pb_section][et_pb_section fb_built=&#8221;1&#8243; admin_label=&#8221;Section&#8221; _builder_version=&#8221;4.24.2&#8243; _module_preset=&#8221;default&#8221; custom_margin_tablet=&#8221;&#8221; custom_margin_phone=&#8221;||-30px||false|false&#8221; custom_margin_last_edited=&#8221;on|desktop&#8221; custom_padding=&#8221;3px||0px|||&#8221; da_disable_devices=&#8221;off|off|off&#8221; global_colors_info=&#8221;{}&#8221; da_is_popup=&#8221;off&#8221; da_exit_intent=&#8221;off&#8221; da_has_close=&#8221;on&#8221; da_alt_close=&#8221;off&#8221; da_dark_close=&#8221;off&#8221; da_not_modal=&#8221;on&#8221; da_is_singular=&#8221;off&#8221; da_with_loader=&#8221;off&#8221; da_has_shadow=&#8221;on&#8221;][et_pb_row use_custom_gutter=&#8221;on&#8221; gutter_width=&#8221;2&#8243; _builder_version=&#8221;4.27.0&#8243; _module_preset=&#8221;default&#8221; max_width=&#8221;80%&#8221; global_colors_info=&#8221;{}&#8221;][et_pb_column type=&#8221;4_4&#8243; _builder_version=&#8221;4.27.0&#8243; _module_preset=&#8221;default&#8221; global_colors_info=&#8221;{}&#8221;][dsm_filterable_gallery gallery_ids=&#8221;7784,7783,7736,7728,7741,7780,7731,7781,7779,7782,7729,7732,7738,7739,7778,7785&#8243; dsm_number_of_columns=&#8221;2&#8243; dsm_image_sizes=&#8221;et-pb-post-main-image-fullwidth-large&#8221; dsm_show_filterable_gallery=&#8221;off&#8221; dsm_use_lightbox=&#8221;on&#8221; dsm_show_title_lightbox=&#8221;on&#8221; dsm_show_pagination=&#8221;on&#8221; dsm_use_zoom_on_hover=&#8221;on&#8221; dsm_load_more_text=&#8221;Voir plus de photos&#8221; dsm_per_page=&#8221;8&#8243; dsm_load_more_bg_color=&#8221;RGBA(255,255,255,0)&#8221; dsm_load_more_padding=&#8221;10px|15px|10px|15px|true|false&#8221; dsm_number_of_columns_tablet=&#8221;2&#8243; dsm_number_of_columns_phone=&#8221;1&#8243; dsm_number_of_columns_last_edited=&#8221;on|phone&#8221; _builder_version=&#8221;4.27.4&#8243; _module_preset=&#8221;default&#8221; dsm_load_more_font=&#8221;|||on|||||&#8221; dsm_load_more_text_color=&#8221;#000000&#8243; dsm_load_more_letter_spacing=&#8221;1px&#8221; border_radii_dsm_load_more_border=&#8221;on|5px|5px|5px|5px&#8221; border_width_all_dsm_load_more_border=&#8221;1px&#8221; border_color_all_dsm_load_more_border=&#8221;#000000&#8243; global_colors_info=&#8221;{}&#8221;][\/dsm_filterable_gallery][\/et_pb_column][\/et_pb_row][\/et_pb_section][et_pb_section fb_built=&#8221;1&#8243; custom_padding_last_edited=&#8221;on|tablet&#8221; admin_label=&#8221;Details&#8221; _builder_version=&#8221;4.27.0&#8243; _module_preset=&#8221;default&#8221; custom_margin=&#8221;||30px||false|false&#8221; custom_padding=&#8221;0px||0px||false|false&#8221; custom_padding_tablet=&#8221;0px||||false|false&#8221; custom_padding_phone=&#8221;0px||||false|false&#8221; da_disable_devices=&#8221;off|off|off&#8221; global_colors_info=&#8221;{}&#8221; da_is_popup=&#8221;off&#8221; da_exit_intent=&#8221;off&#8221; da_has_close=&#8221;on&#8221; da_alt_close=&#8221;off&#8221; da_dark_close=&#8221;off&#8221; da_not_modal=&#8221;on&#8221; da_is_singular=&#8221;off&#8221; da_with_loader=&#8221;off&#8221; da_has_shadow=&#8221;on&#8221;][et_pb_row column_structure=&#8221;2_3,1_3&#8243; _builder_version=&#8221;4.27.0&#8243; _module_preset=&#8221;default&#8221; max_width=&#8221;80%&#8221; custom_margin_tablet=&#8221;&#8221; custom_margin_phone=&#8221;20px||||false|false&#8221; custom_margin_last_edited=&#8221;on|tablet&#8221; global_colors_info=&#8221;{}&#8221;][et_pb_column type=&#8221;2_3&#8243; _builder_version=&#8221;4.18.0&#8243; _module_preset=&#8221;default&#8221; global_colors_info=&#8221;{}&#8221;][et_pb_text _builder_version=&#8221;4.27.4&#8243; _module_preset=&#8221;default&#8221; header_2_text_color=&#8221;#000000&#8243; header_2_font_size=&#8221;25px&#8221; custom_margin=&#8221;||20px||false|false&#8221; custom_padding=&#8221;||10px||false|false&#8221; header_2_font_size_tablet=&#8221;25px&#8221; header_2_font_size_phone=&#8221;20px&#8221; border_width_bottom=&#8221;1px&#8221; border_color_bottom=&#8221;#e9ebed&#8221; global_colors_info=&#8221;{}&#8221;]<\/p>\n<h2>Exceptional Property on \u00cele-de-R\u00e9<\/h2>\n<p>[\/et_pb_text][et_pb_wc_description description_type=&#8221;description&#8221; _builder_version=&#8221;4.27.4&#8243; _module_preset=&#8221;default&#8221; body_font=&#8221;|300|||||||&#8221; body_line_height=&#8221;1.8em&#8221; custom_margin=&#8221;||15px||false|false&#8221; global_colors_info=&#8221;{}&#8221;][\/et_pb_wc_description][et_pb_text _builder_version=&#8221;4.27.3&#8243; _module_preset=&#8221;1f09816e-184e-4ce5-a4cf-b39c52c423ca&#8221; text_text_color=&#8221;#F97D02&#8243; custom_margin=&#8221;||30px||false|false&#8221; text_font_size_tablet=&#8221;16px&#8221; text_font_size_phone=&#8221;16px&#8221; text_font_size_last_edited=&#8221;on|tablet&#8221; header_font_size_tablet=&#8221;55px&#8221; header_font_size_last_edited=&#8221;off|desktop&#8221; locked=&#8221;off&#8221; global_colors_info=&#8221;{}&#8221;]<\/p>\n<p><strong>Reference: VM273 &#8211; For sale<\/strong><\/p>\n<p>[\/et_pb_text][dsm_advanced_tabs dsm_tabs_trigger=&#8221;hover&#8221; dsm_show_arrow=&#8221;off&#8221; dsm_tabs_gap=&#8221;2px&#8221; dsm_tabs_bg_color=&#8221;RGBA(255,255,255,0)&#8221; dsm_tabs_active_bg_color=&#8221;#F97D02&#8243; dsm_tabs_active_text_color=&#8221;#FFFFFF&#8221; dsm_content_bg_color=&#8221;RGBA(255,255,255,0)&#8221; dsm_content_margin=&#8221;2px||||false|false&#8221; dsm_content_padding=&#8221;15px|30px|15px|30px|true|true&#8221; dsm_tabs_wrapper_alignment=&#8221;left&#8221; dsm_tabs_gap_tablet=&#8221;5px&#8221; dsm_tabs_gap_phone=&#8221;5px&#8221; dsm_tabs_gap_last_edited=&#8221;on|tablet&#8221; dsm_content_padding_tablet=&#8221;15px|30px|15px|30px|true|true&#8221; dsm_content_padding_phone=&#8221;|10px||10px|true|true&#8221; dsm_content_padding_last_edited=&#8221;on|desktop&#8221; _builder_version=&#8221;4.27.4&#8243; _module_preset=&#8221;default&#8221; tab_title_font=&#8221;|||on|||||&#8221; tab_title_font_size=&#8221;16px&#8221; tab_title_letter_spacing=&#8221;0.1em&#8221; content_title_font=&#8221;||||||||&#8221; content_title_text_color=&#8221;#000000&#8243; tab_content_text_font=&#8221;|300|||||||&#8221; tab_content_text_text_color=&#8221;#000000&#8243; custom_margin_tablet=&#8221;&#8221; custom_margin_phone=&#8221;40px||||false|false&#8221; custom_margin_last_edited=&#8221;on|phone&#8221; custom_padding=&#8221;||20px||false|false&#8221; border_width_all=&#8221;0px&#8221; border_color_all=&#8221;RGBA(255,255,255,0)&#8221; border_width_all_dsm_tabs_border=&#8221;1px&#8221; border_color_all_dsm_tabs_border=&#8221;#e9ebed&#8221; border_color_all_dsm_active_tabs_border=&#8221;RGBA(255,255,255,0)&#8221; border_color_all_dsm_tabs_wrapper_border=&#8221;RGBA(255,255,255,0)&#8221; border_width_all_dsm_content_border=&#8221;1px&#8221; border_color_all_dsm_content_border=&#8221;#e9ebed&#8221; global_colors_info=&#8221;{}&#8221;][dsm_advanced_tabs_child dsm_title=&#8221;General Information&#8221; dsm_content=&#8221;<\/p>\n<p>Town: La Flotte, \u00cele de R\u00e9<\/p>\n<p>Property type: Exceptional Property<\/p>\n<p>Price: \u20ac2,870,000<\/p>\n<p>&#8221; _builder_version=&#8221;4.27.4&#8243; _module_preset=&#8221;default&#8221; tab_subtitle_font=&#8221;||||||||&#8221; content_title_font=&#8221;|300|||||||&#8221; tab_content_text_font=&#8221;|300|||||||&#8221; tab_content_text_font_size=&#8221;16px&#8221; tab_content_text_line_height=&#8221;1.2em&#8221; global_colors_info=&#8221;{}&#8221;][\/dsm_advanced_tabs_child][dsm_advanced_tabs_child dsm_title=&#8221;Accommodation&#8221; dsm_content=&#8221;<\/p>\n<p>Exceptional Property &#8211; Villa<\/p>\n<p>1 level<\/p>\n<p>10 rooms<\/p>\n<p>6 bedrooms<\/p>\n<p>Fully equipped kitchen<\/p>\n<p>1 terrace<\/p>\n<p>1 garden<\/p>\n<p>1 swimming pool<\/p>\n<p>1 annex<\/p>\n<p>1 garage<\/p>\n<p>Possible annexes: summer kitchen, a shower room, a gym\/relaxation area, a technical room<\/p>\n<p>Pool-ready plot<\/p>\n<p>Heat pump heating<\/p>\n<p>Restoration year: 2024<\/p>\n<p>&#8221; _builder_version=&#8221;4.27.3&#8243; _module_preset=&#8221;default&#8221; tab_subtitle_font=&#8221;||||||||&#8221; content_title_font=&#8221;|300|||||||&#8221; tab_content_text_font=&#8221;|300|||||||&#8221; tab_content_text_font_size=&#8221;16px&#8221; tab_content_text_line_height=&#8221;1.2em&#8221; global_colors_info=&#8221;{}&#8221;][\/dsm_advanced_tabs_child][\/dsm_advanced_tabs][et_pb_code _builder_version=&#8221;4.27.3&#8243; _module_preset=&#8221;default&#8221; global_colors_info=&#8221;{}&#8221;]<iframe src=\"https:\/\/ext3d.fr\/Iledere\/\" width=\"100%\" height=\"800px\" frameborder=\"0\" allowfullscreen=\"allowfullscreen\"><\/iframe>[\/et_pb_code][et_pb_video src=&#8221;https:\/\/www.youtube.com\/watch?v=fCgmoLyczpw&#8221; _builder_version=&#8221;4.27.4&#8243; _module_preset=&#8221;default&#8221; global_colors_info=&#8221;{}&#8221;][\/et_pb_video][\/et_pb_column][et_pb_column type=&#8221;1_3&#8243; _builder_version=&#8221;4.27.0&#8243; _module_preset=&#8221;default&#8221; background_color=&#8221;RGBA(255,255,255,0)&#8221; custom_padding=&#8221;40px|40px|40px|40px|true|true&#8221; custom_padding_tablet=&#8221;40px|40px|40px|40px|true|true&#8221; custom_padding_phone=&#8221;||||false|true&#8221; custom_padding_last_edited=&#8221;on|phone&#8221; sticky_position=&#8221;top&#8221; sticky_limit_bottom=&#8221;section&#8221; sticky_position_tablet=&#8221;none&#8221; sticky_position_phone=&#8221;none&#8221; sticky_position_last_edited=&#8221;on|desktop&#8221; border_width_all=&#8221;1px&#8221; border_color_all=&#8221;#F97D02&#8243; box_shadow_style=&#8221;preset2&#8243; global_colors_info=&#8221;{}&#8221;][et_pb_text _builder_version=&#8221;4.27.0&#8243; _module_preset=&#8221;e6504a1b-67eb-4b3d-b023-bcab277610b6&#8243; text_font=&#8221;|||on|||||&#8221; text_text_color=&#8221;#FFFFFF&#8221; header_2_font=&#8221;|||on|||||&#8221; header_2_font_size=&#8221;20px&#8221; header_4_font=&#8221;Ubuntu|700||on|||||&#8221; header_4_text_color=&#8221;#FFFFFF&#8221; header_4_font_size=&#8221;14px&#8221; header_4_line_height=&#8221;1.5em&#8221; custom_margin=&#8221;||0px||false|false&#8221; custom_padding=&#8221;10px||10px||true|false&#8221; header_2_font_size_tablet=&#8221;20px&#8221; header_2_font_size_phone=&#8221;18px&#8221; header_2_font_size_last_edited=&#8221;on|desktop&#8221; border_color_all=&#8221;rgba(255,255,255,0.36)&#8221; border_width_bottom=&#8221;1px&#8221; border_color_bottom=&#8221;#EAEBE6&#8243; locked=&#8221;off&#8221; global_colors_info=&#8221;{}&#8221; text_text_color__hover_enabled=&#8221;on|hover&#8221; text_text_color__hover=&#8221;RGBA(255,255,255,0)&#8221; header_2_text_color__hover_enabled=&#8221;on|hover&#8221; header_2_text_color__hover=&#8221;#F97D02&#8243;]<\/p>\n<h2 style=\"text-align: center;\"><strong>Contact Us<\/strong><\/h2>\n<p>[\/et_pb_text][dsm_contact_form_7 cf7_library=&#8221;4365&#8243; label_bottom_spacing=&#8221;0px&#8221; button_alignment=&#8221;right&#8221; input_background_color=&#8221;RGBA(255,255,255,0)&#8221; _builder_version=&#8221;4.27.0&#8243; _module_preset=&#8221;default&#8221; labels_font=&#8221;&#8211;et_global_heading_font||||||||&#8221; labels_text_color=&#8221;#000000&#8243; labels_letter_spacing=&#8221;2px&#8221; input_textarea_select_font=&#8221;&#8211;et_global_body_font||||||||&#8221; input_textarea_select_text_color=&#8221;#000000&#8243; input_textarea_select_font_size=&#8221;15px&#8221; input_textarea_select_letter_spacing=&#8221;0.1em&#8221; placeholder_text_color=&#8221;#000000&#8243; placeholder_font_size=&#8221;16px&#8221; placeholder_letter_spacing=&#8221;0em&#8221; radio_checkbox_font=&#8221;|300||on|||||&#8221; radio_checkbox_text_color=&#8221;#000000&#8243; radio_checkbox_font_size=&#8221;13px&#8221; radio_checkbox_letter_spacing=&#8221;0.1em&#8221; error_msg_font=&#8221;|600|||||||&#8221; error_msg_text_color=&#8221;#F97D02&#8243; error_msg_letter_spacing=&#8221;0.1em&#8221; success_validation_text_color=&#8221;#000000&#8243; custom_button_one=&#8221;on&#8221; button_one_text_size=&#8221;16px&#8221; button_one_text_color=&#8221;#FFFFFF&#8221; button_one_bg_color=&#8221;#F97D02&#8243; button_one_letter_spacing=&#8221;0.1em&#8221; button_one_font=&#8221;|||on|||||&#8221; button_one_custom_margin=&#8221;15px||||false|false&#8221; custom_margin=&#8221;20px||||false|false&#8221; border_width_bottom_image=&#8221;1px&#8221; border_color_bottom_image=&#8221;#e9ebed&#8221; global_colors_info=&#8221;{}&#8221; button_one_bg_color__hover_enabled=&#8221;on|desktop&#8221; button_one_bg_color__hover=&#8221;RGBA(255,255,255,0)&#8221; button_one_bg_enable_color__hover=&#8221;on&#8221; button_one_text_color__hover_enabled=&#8221;on|hover&#8221; button_one_text_color__hover=&#8221;#F97D02&#8243; button_one_border_color__hover_enabled=&#8221;on|hover&#8221; button_one_border_color__hover=&#8221;#F97D02&#8243;][\/dsm_contact_form_7][\/et_pb_column][\/et_pb_row][\/et_pb_section]<\/p>\n","protected":false},"excerpt":{"rendered":"<div class=\"hlcw0c\">\n<div class=\"MjjYud\">\n<div class=\"g Ww4FFb vt6azd tF2Cxc asEBEc\" lang=\"fr\" data-hveid=\"CC0QAA\" data-ved=\"2ahUKEwiKlIyH0-iJAxVQUqQEHQUnGBIQFSgAegQILRAA\">\n<div class=\"srKDX\" data-snc=\"B1SCC\">\n<div class=\"kb0PBd ieodic\" data-snf=\"nke7rc\" data-sncf=\"1,2\">\n<div class=\"VwiC3b yXK7lf lVm3ye r025kc hJNv6b\">Exceptional Property La Flotte-en-R\u00e9 (\u00cele-de-R\u00e9) &#8211; 420m\u00b2: 10 rooms including 6 bedrooms, with a sunny garden in the heart of a seaside resort.<\/div>\n<\/div>\n<\/div>\n<\/div>\n<\/div>\n<\/div>\n","protected":false},"featured_media":7789,"template":"","meta":{"_et_pb_use_builder":"on","_et_pb_old_content":"Au c\u0153ur du village insulaire tr\u00e8s convoit\u00e9 de La Flotte en R\u00e9, cette propri\u00e9t\u00e9 d\u2019exception, typique de l\u2019\u00cele de R\u00e9, vient d\u2019\u00eatre r\u00e9habilit\u00e9e sans trahir son identit\u00e9 originelle. A moins de 350 m\u00e8tres du port et des commerces de proximit\u00e9, \u00e0 l\u2019abri des regards indiscrets, cette demeure rare sur le march\u00e9, offre une situation privil\u00e9gi\u00e9e.\r\n\r\nCette propri\u00e9t\u00e9 se situe sur un terrain d\u2019environ 900m\u00b2 enti\u00e8rement clos et sans vis-\u00e0-vis, avec un double acc\u00e8s. Ultra modulaire et pens\u00e9e pour tous les usages, la propri\u00e9t\u00e9 et ses d\u00e9pendances s\u2019adaptent enti\u00e8rement \u00e0 toutes les envies.\r\n\r\nElle se compose :\r\n<ul>\r\n \t<li>d\u2019une maison principale de plus de 200m\u00b2 avec une entr\u00e9e g\u00e9n\u00e9reuse au RDC, d\u2019un bureau, d\u2019une buanderie, d\u2019une cuisine, d\u2019un salon s\u00e9jour donnant terrasse, d\u2019une piscine (9x3) et d\u2019un jardin. L\u2019\u00e9tage, accessible par un escalier ou un ascenseur, distribue 3 chambres avec un espace salle d\u2019eau pour chacune et 1 suite parentale avec salle de bain.<\/li>\r\n \t<li>d\u2019une maison secondaire attenante de 65m\u00b2 sur 2 niveaux, avec espace salon s\u00e9jour, cuisine et douche au RDC et d\u2019un acc\u00e8s \u00e0 la terrasse et au jardin de la maison principale. A l\u2019\u00e9tage 2 chambres avec un espace salle d\u2019eau partag\u00e9e et bureau. Les deux maisons sont \u00e0 la fois reli\u00e9es par des portes isol\u00e9es phoniquement et compl\u00e8tement autonomes.<\/li>\r\n \t<li>de plus de 50m\u00b2 d\u2019annexes pr\u00eates \u00e0 accueillir local technique, buanderie, WC, salle d\u2019eau, salle de sport et cuisine d\u2019\u00e9t\u00e9 et d'un chai sur deux niveaux de 75m\u00b2 am\u00e9nageables.<\/li>\r\n \t<li>d'un garage et de 3 places de parking.<\/li>\r\n<\/ul>\r\nLe b\u00e2ti a \u00e9t\u00e9 restaur\u00e9 int\u00e9gralement, permettant un confort optimal et moderne pour les futurs occupants, avec une \u00e9tiquette \u00e9nerg\u00e9tique projet\u00e9e A pour la maison principale (et C pour la maison secondaire). Les am\u00e9nagements int\u00e9rieurs sont \u00e0 finir selon vos go\u00fbts (peinture, sol, cuisine, salle de bain\u2026). Le projet dispose de march\u00e9 de travaux sign\u00e9s et d\u2019artisans\/entreprises disponibles pour accompagner les futurs acqu\u00e9reurs dans la r\u00e9alisation des travaux de second \u0153uvre et am\u00e9nagement.\r\n\r\nNous contacter pour plus d\u2019information \u00e0 ce sujet.","_et_gb_content_width":""},"product_brand":[],"product_cat":[273,285],"product_tag":[],"wf_product_folders":[241],"class_list":{"0":"post-7249","1":"product","2":"type-product","3":"status-publish","4":"has-post-thumbnail","6":"product_cat-purchase","7":"product_cat-living","8":"pa_ameublement-unfurnished","9":"pa_localisation-la-flotte-en-re-17","10":"pa_type-de-bien-villa","12":"first","13":"instock","14":"taxable","15":"shipping-taxable","16":"purchasable","17":"product-type-simple"},"_links":{"self":[{"href":"https:\/\/agence-viva.fr\/en\/wp-json\/wp\/v2\/product\/7249","targetHints":{"allow":["GET"]}}],"collection":[{"href":"https:\/\/agence-viva.fr\/en\/wp-json\/wp\/v2\/product"}],"about":[{"href":"https:\/\/agence-viva.fr\/en\/wp-json\/wp\/v2\/types\/product"}],"wp:featuredmedia":[{"embeddable":true,"href":"https:\/\/agence-viva.fr\/en\/wp-json\/wp\/v2\/media\/7789"}],"wp:attachment":[{"href":"https:\/\/agence-viva.fr\/en\/wp-json\/wp\/v2\/media?parent=7249"}],"wp:term":[{"taxonomy":"product_brand","embeddable":true,"href":"https:\/\/agence-viva.fr\/en\/wp-json\/wp\/v2\/product_brand?post=7249"},{"taxonomy":"product_cat","embeddable":true,"href":"https:\/\/agence-viva.fr\/en\/wp-json\/wp\/v2\/product_cat?post=7249"},{"taxonomy":"product_tag","embeddable":true,"href":"https:\/\/agence-viva.fr\/en\/wp-json\/wp\/v2\/product_tag?post=7249"},{"taxonomy":"wf_product_folders","embeddable":true,"href":"https:\/\/agence-viva.fr\/en\/wp-json\/wp\/v2\/wf_product_folders?post=7249"}],"curies":[{"name":"wp","href":"https:\/\/api.w.org\/{rel}","templated":true}]}}