{"id":6933,"date":"2025-10-02T10:44:10","date_gmt":"2025-10-02T08:44:10","guid":{"rendered":"https:\/\/agence-viva.fr\/bien\/building-plot-la-flotte-en-re\/"},"modified":"2026-03-05T16:31:40","modified_gmt":"2026-03-05T15:31:40","slug":"building-plot-la-flotte-en-re","status":"publish","type":"product","link":"https:\/\/agence-viva.fr\/en\/bien\/building-plot-la-flotte-en-re\/","title":{"rendered":"Building Plot La Flotte-en-R\u00e9"},"content":{"rendered":"<p>[et_pb_section fb_built=&#8221;1&#8243; admin_label=&#8221;Gallery&#8221; _builder_version=&#8221;4.24.2&#8243; _module_preset=&#8221;default&#8221; custom_margin=&#8221;40px||||false|false&#8221; custom_margin_tablet=&#8221;0px||||false|false&#8221; custom_margin_phone=&#8221;0px||||false|false&#8221; custom_margin_last_edited=&#8221;on|tablet&#8221; custom_padding=&#8221;0px||0px||true|&#8221; da_disable_devices=&#8221;off|off|off&#8221; collapsed=&#8221;off&#8221; global_colors_info=&#8221;{}&#8221; da_is_popup=&#8221;off&#8221; da_exit_intent=&#8221;off&#8221; da_has_close=&#8221;on&#8221; da_alt_close=&#8221;off&#8221; da_dark_close=&#8221;off&#8221; da_not_modal=&#8221;on&#8221; da_is_singular=&#8221;off&#8221; da_with_loader=&#8221;off&#8221; da_has_shadow=&#8221;on&#8221;][et_pb_row column_structure=&#8221;3_4,1_4&#8243; _builder_version=&#8221;4.27.0&#8243; _module_preset=&#8221;default&#8221; max_width=&#8221;80%&#8221; custom_margin=&#8221;||||false|false&#8221; custom_padding=&#8221;||0px||false|false&#8221; global_colors_info=&#8221;{}&#8221;][et_pb_column type=&#8221;3_4&#8243; _builder_version=&#8221;4.18.0&#8243; _module_preset=&#8221;default&#8221; global_colors_info=&#8221;{}&#8221;][et_pb_text _builder_version=&#8221;4.27.4&#8243; _module_preset=&#8221;b327cbe4-b1d5-4b66-ad37-40c8f2f061ba&#8221; header_font=&#8221;|||on|||||&#8221; header_text_color=&#8221;#000000&#8243; header_font_size=&#8221;30px&#8221; header_2_font=&#8221;Playfair Display|700|||||||&#8221; header_2_text_color=&#8221;#000000&#8243; header_2_font_size=&#8221;45px&#8221; header_2_line_height=&#8221;1.35em&#8221; text_orientation=&#8221;center&#8221; custom_margin=&#8221;||0px||false|false&#8221; header_font_size_tablet=&#8221;25px&#8221; header_font_size_phone=&#8221;19px&#8221; header_2_font_size_tablet=&#8221;32px&#8221; header_2_font_size_phone=&#8221;20px&#8221; header_2_font_size_last_edited=&#8221;on|desktop&#8221; locked=&#8221;off&#8221; global_colors_info=&#8221;{}&#8221;]<\/p>\n<h1 style=\"text-align: left;\">Building Plot &#8211; <span>1,678 M\u00b2<\/span><\/h1>\n<p>[\/et_pb_text][et_pb_text _builder_version=&#8221;4.27.3&#8243; _module_preset=&#8221;b327cbe4-b1d5-4b66-ad37-40c8f2f061ba&#8221; text_font=&#8221;|||on|||||&#8221; text_text_color=&#8221;#F97D02&#8243; text_font_size=&#8221;22px&#8221; text_letter_spacing=&#8221;0.2em&#8221; text_line_height=&#8221;1.2em&#8221; header_font=&#8221;|||on|||||&#8221; header_text_color=&#8221;#000000&#8243; header_font_size=&#8221;30px&#8221; header_2_font=&#8221;||||||||&#8221; header_2_font_size=&#8221;24px&#8221; header_2_line_height=&#8221;1.35em&#8221; text_orientation=&#8221;center&#8221; custom_margin=&#8221;||0px||false|false&#8221; header_font_size_last_edited=&#8221;off|tablet&#8221; header_2_font_size_tablet=&#8221;25px&#8221; header_2_font_size_phone=&#8221;19px&#8221; locked=&#8221;off&#8221; global_colors_info=&#8221;{}&#8221;]<\/p>\n<h2 style=\"text-align: left;\">La Flotte-en-R\u00e9, \u00cele-de-R\u00e9 (17)<\/h2>\n<p>[\/et_pb_text][\/et_pb_column][et_pb_column type=&#8221;1_4&#8243; _builder_version=&#8221;4.18.0&#8243; _module_preset=&#8221;default&#8221; global_colors_info=&#8221;{}&#8221;][et_pb_wc_price _builder_version=&#8221;4.27.4&#8243; _module_preset=&#8221;default&#8221; body_font=&#8221;DINPro Bold|800||on|||||&#8221; body_text_color=&#8221;#000000&#8243; body_font_size=&#8221;30px&#8221; body_letter_spacing=&#8221;0.2em&#8221; body_line_height=&#8221;1.2em&#8221; text_orientation=&#8221;right&#8221; body_font_size_tablet=&#8221;25px&#8221; body_font_size_phone=&#8221;19px&#8221; body_font_size_last_edited=&#8221;on|phone&#8221; text_orientation_tablet=&#8221;left&#8221; text_orientation_phone=&#8221;left&#8221; text_orientation_last_edited=&#8221;on|desktop&#8221; global_colors_info=&#8221;{}&#8221; body_orientation_tablet=&#8221;left&#8221; body_orientation_phone=&#8221;left&#8221; body_orientation_last_edited=&#8221;on|phone&#8221;][\/et_pb_wc_price][\/et_pb_column][\/et_pb_row][\/et_pb_section][et_pb_section fb_built=&#8221;1&#8243; admin_label=&#8221;Section&#8221; _builder_version=&#8221;4.24.2&#8243; _module_preset=&#8221;default&#8221; custom_margin_tablet=&#8221;&#8221; custom_margin_phone=&#8221;||-30px||false|false&#8221; custom_margin_last_edited=&#8221;on|desktop&#8221; custom_padding=&#8221;3px||0px|||&#8221; da_disable_devices=&#8221;off|off|off&#8221; global_colors_info=&#8221;{}&#8221; da_is_popup=&#8221;off&#8221; da_exit_intent=&#8221;off&#8221; da_has_close=&#8221;on&#8221; da_alt_close=&#8221;off&#8221; da_dark_close=&#8221;off&#8221; da_not_modal=&#8221;on&#8221; da_is_singular=&#8221;off&#8221; da_with_loader=&#8221;off&#8221; da_has_shadow=&#8221;on&#8221;][et_pb_row use_custom_gutter=&#8221;on&#8221; gutter_width=&#8221;2&#8243; _builder_version=&#8221;4.27.0&#8243; _module_preset=&#8221;default&#8221; max_width=&#8221;80%&#8221; global_colors_info=&#8221;{}&#8221;][et_pb_column type=&#8221;4_4&#8243; _builder_version=&#8221;4.27.0&#8243; _module_preset=&#8221;default&#8221; global_colors_info=&#8221;{}&#8221;][dsm_filterable_gallery gallery_ids=&#8221;7613,7614,7615,7616&#8243; dsm_number_of_columns=&#8221;2&#8243; dsm_image_sizes=&#8221;et-pb-post-main-image-fullwidth-large&#8221; dsm_show_filterable_gallery=&#8221;off&#8221; dsm_use_lightbox=&#8221;on&#8221; dsm_show_title_lightbox=&#8221;on&#8221; dsm_show_pagination=&#8221;on&#8221; dsm_use_zoom_on_hover=&#8221;on&#8221; dsm_load_more_text=&#8221;Voir plus de photos&#8221; dsm_per_page=&#8221;8&#8243; dsm_load_more_bg_color=&#8221;RGBA(255,255,255,0)&#8221; dsm_load_more_padding=&#8221;10px|15px|10px|15px|true|false&#8221; dsm_number_of_columns_tablet=&#8221;2&#8243; dsm_number_of_columns_phone=&#8221;1&#8243; dsm_number_of_columns_last_edited=&#8221;on|phone&#8221; _builder_version=&#8221;4.27.4&#8243; _module_preset=&#8221;default&#8221; dsm_load_more_font=&#8221;|||on|||||&#8221; dsm_load_more_text_color=&#8221;#000000&#8243; dsm_load_more_letter_spacing=&#8221;1px&#8221; border_radii_dsm_load_more_border=&#8221;on|5px|5px|5px|5px&#8221; border_width_all_dsm_load_more_border=&#8221;1px&#8221; border_color_all_dsm_load_more_border=&#8221;#000000&#8243; global_colors_info=&#8221;{}&#8221;][\/dsm_filterable_gallery][\/et_pb_column][\/et_pb_row][\/et_pb_section][et_pb_section fb_built=&#8221;1&#8243; custom_padding_last_edited=&#8221;on|tablet&#8221; admin_label=&#8221;Details&#8221; _builder_version=&#8221;4.27.0&#8243; _module_preset=&#8221;default&#8221; custom_margin=&#8221;||30px||false|false&#8221; custom_padding=&#8221;0px||0px||false|false&#8221; custom_padding_tablet=&#8221;0px||||false|false&#8221; custom_padding_phone=&#8221;0px||||false|false&#8221; da_disable_devices=&#8221;off|off|off&#8221; global_colors_info=&#8221;{}&#8221; da_is_popup=&#8221;off&#8221; da_exit_intent=&#8221;off&#8221; da_has_close=&#8221;on&#8221; da_alt_close=&#8221;off&#8221; da_dark_close=&#8221;off&#8221; da_not_modal=&#8221;on&#8221; da_is_singular=&#8221;off&#8221; da_with_loader=&#8221;off&#8221; da_has_shadow=&#8221;on&#8221;][et_pb_row column_structure=&#8221;2_3,1_3&#8243; _builder_version=&#8221;4.27.0&#8243; _module_preset=&#8221;default&#8221; max_width=&#8221;80%&#8221; custom_margin_tablet=&#8221;&#8221; custom_margin_phone=&#8221;20px||||false|false&#8221; custom_margin_last_edited=&#8221;on|tablet&#8221; global_colors_info=&#8221;{}&#8221;][et_pb_column type=&#8221;2_3&#8243; _builder_version=&#8221;4.18.0&#8243; _module_preset=&#8221;default&#8221; global_colors_info=&#8221;{}&#8221;][et_pb_text _builder_version=&#8221;4.27.4&#8243; _module_preset=&#8221;default&#8221; header_2_text_color=&#8221;#000000&#8243; header_2_font_size=&#8221;25px&#8221; custom_margin=&#8221;||20px||false|false&#8221; custom_padding=&#8221;||10px||false|false&#8221; header_2_font_size_tablet=&#8221;25px&#8221; header_2_font_size_phone=&#8221;20px&#8221; border_width_bottom=&#8221;1px&#8221; border_color_bottom=&#8221;#e9ebed&#8221; global_colors_info=&#8221;{}&#8221;]<\/p>\n<h2>Plot for Sale with a Premium Location<\/h2>\n<p>[\/et_pb_text][et_pb_wc_description description_type=&#8221;description&#8221; _builder_version=&#8221;4.27.4&#8243; _module_preset=&#8221;default&#8221; body_font=&#8221;|300|||||||&#8221; body_line_height=&#8221;1.8em&#8221; custom_margin=&#8221;||15px||false|false&#8221; global_colors_info=&#8221;{}&#8221;][\/et_pb_wc_description][et_pb_text _builder_version=&#8221;4.27.4&#8243; _module_preset=&#8221;1f09816e-184e-4ce5-a4cf-b39c52c423ca&#8221; text_text_color=&#8221;#F97D02&#8243; custom_margin=&#8221;||30px||false|false&#8221; text_font_size_tablet=&#8221;16px&#8221; text_font_size_phone=&#8221;16px&#8221; text_font_size_last_edited=&#8221;on|tablet&#8221; header_font_size_tablet=&#8221;55px&#8221; header_font_size_last_edited=&#8221;off|desktop&#8221; locked=&#8221;off&#8221; global_colors_info=&#8221;{}&#8221;]<\/p>\n<p><strong>Reference: VT061 &#8211; For Sale<\/strong><\/p>\n<p>[\/et_pb_text][dsm_advanced_tabs dsm_tabs_trigger=&#8221;hover&#8221; dsm_show_arrow=&#8221;off&#8221; dsm_tabs_gap=&#8221;2px&#8221; dsm_tabs_bg_color=&#8221;RGBA(255,255,255,0)&#8221; dsm_tabs_active_bg_color=&#8221;#F97D02&#8243; dsm_tabs_active_text_color=&#8221;#FFFFFF&#8221; dsm_content_bg_color=&#8221;RGBA(255,255,255,0)&#8221; dsm_content_margin=&#8221;2px||||false|false&#8221; dsm_content_padding=&#8221;15px|30px|15px|30px|true|true&#8221; dsm_tabs_wrapper_alignment=&#8221;left&#8221; dsm_tabs_gap_tablet=&#8221;5px&#8221; dsm_tabs_gap_phone=&#8221;5px&#8221; dsm_tabs_gap_last_edited=&#8221;on|tablet&#8221; dsm_content_padding_tablet=&#8221;15px|30px|15px|30px|true|true&#8221; dsm_content_padding_phone=&#8221;|10px||10px|true|true&#8221; dsm_content_padding_last_edited=&#8221;on|desktop&#8221; _builder_version=&#8221;4.27.4&#8243; _module_preset=&#8221;default&#8221; tab_title_font=&#8221;|||on|||||&#8221; tab_title_font_size=&#8221;16px&#8221; tab_title_letter_spacing=&#8221;0.1em&#8221; content_title_font=&#8221;||||||||&#8221; content_title_text_color=&#8221;#000000&#8243; tab_content_text_font=&#8221;|300|||||||&#8221; tab_content_text_text_color=&#8221;#000000&#8243; custom_margin_tablet=&#8221;&#8221; custom_margin_phone=&#8221;40px||||false|false&#8221; custom_margin_last_edited=&#8221;on|phone&#8221; custom_padding=&#8221;||20px||false|false&#8221; hover_enabled=&#8221;0&#8243; border_width_all=&#8221;0px&#8221; border_color_all=&#8221;RGBA(255,255,255,0)&#8221; border_width_all_dsm_tabs_border=&#8221;1px&#8221; border_color_all_dsm_tabs_border=&#8221;#e9ebed&#8221; border_color_all_dsm_active_tabs_border=&#8221;RGBA(255,255,255,0)&#8221; border_color_all_dsm_tabs_wrapper_border=&#8221;RGBA(255,255,255,0)&#8221; border_width_all_dsm_content_border=&#8221;1px&#8221; border_color_all_dsm_content_border=&#8221;#e9ebed&#8221; global_colors_info=&#8221;{}&#8221; sticky_enabled=&#8221;0&#8243;][dsm_advanced_tabs_child dsm_title=&#8221;General Information&#8221; dsm_content=&#8221;<\/p>\n<p>Town: La Flotte, \u00cele de R\u00e9<\/p>\n<p>Property type: Exceptional Property<\/p>\n<p>Price: \u20ac1,460,000<\/p>\n<p>&#8221; _builder_version=&#8221;4.27.4&#8243; _module_preset=&#8221;default&#8221; tab_subtitle_font=&#8221;||||||||&#8221; content_title_font=&#8221;|300|||||||&#8221; tab_content_text_font=&#8221;|300|||||||&#8221; tab_content_text_font_size=&#8221;16px&#8221; tab_content_text_line_height=&#8221;1.2em&#8221; hover_enabled=&#8221;0&#8243; global_colors_info=&#8221;{}&#8221; parentOrderClass=&#8221;dsm_advanced_tabs_0&#8243; sticky_enabled=&#8221;0&#8243;][\/dsm_advanced_tabs_child][dsm_advanced_tabs_child dsm_title=&#8221;Accommodation&#8221; dsm_content=&#8221;<\/p>\n<p>Building Plot<\/p>\n<p>Building permit submitted for a 330m\u00b2 house (usable area + annexes).<\/p>\n<p>Large living room<\/p>\n<p>Open or closed kitchen<\/p>\n<p>4 bedrooms<\/p>\n<p>4 shower rooms\/bathrooms<\/p>\n<p>4 toilets<\/p>\n<p>Laundry room<\/p>\n<p>Wellness area (spa, sauna, hammam) Winter garden and outdoors: 4&#215;10 m swimming pool, terraces, 27 m\u00b2 enclosed annex, carport, covered patios&#8230;<\/p>\n<p>&#8221; _builder_version=&#8221;4.27.4&#8243; _module_preset=&#8221;default&#8221; tab_subtitle_font=&#8221;||||||||&#8221; content_title_font=&#8221;|300|||||||&#8221; tab_content_text_font=&#8221;|300|||||||&#8221; tab_content_text_font_size=&#8221;16px&#8221; tab_content_text_line_height=&#8221;1.2em&#8221; global_colors_info=&#8221;{}&#8221; parentOrderClass=&#8221;dsm_advanced_tabs_0&#8243;][\/dsm_advanced_tabs_child][\/dsm_advanced_tabs][\/et_pb_column][et_pb_column type=&#8221;1_3&#8243; _builder_version=&#8221;4.27.0&#8243; _module_preset=&#8221;default&#8221; background_color=&#8221;RGBA(255,255,255,0)&#8221; custom_padding=&#8221;40px|40px|40px|40px|true|true&#8221; custom_padding_tablet=&#8221;40px|40px|40px|40px|true|true&#8221; custom_padding_phone=&#8221;||||false|true&#8221; custom_padding_last_edited=&#8221;on|phone&#8221; sticky_position=&#8221;top&#8221; sticky_limit_bottom=&#8221;section&#8221; sticky_position_tablet=&#8221;none&#8221; sticky_position_phone=&#8221;none&#8221; sticky_position_last_edited=&#8221;on|desktop&#8221; border_width_all=&#8221;1px&#8221; border_color_all=&#8221;#F97D02&#8243; box_shadow_style=&#8221;preset2&#8243; global_colors_info=&#8221;{}&#8221;][et_pb_text _builder_version=&#8221;4.27.0&#8243; _module_preset=&#8221;e6504a1b-67eb-4b3d-b023-bcab277610b6&#8243; text_font=&#8221;|||on|||||&#8221; text_text_color=&#8221;#FFFFFF&#8221; header_2_font=&#8221;|||on|||||&#8221; header_2_font_size=&#8221;20px&#8221; header_4_font=&#8221;Ubuntu|700||on|||||&#8221; header_4_text_color=&#8221;#FFFFFF&#8221; header_4_font_size=&#8221;14px&#8221; header_4_line_height=&#8221;1.5em&#8221; custom_margin=&#8221;||0px||false|false&#8221; custom_padding=&#8221;10px||10px||true|false&#8221; header_2_font_size_tablet=&#8221;20px&#8221; header_2_font_size_phone=&#8221;18px&#8221; header_2_font_size_last_edited=&#8221;on|desktop&#8221; border_color_all=&#8221;rgba(255,255,255,0.36)&#8221; border_width_bottom=&#8221;1px&#8221; border_color_bottom=&#8221;#EAEBE6&#8243; locked=&#8221;off&#8221; global_colors_info=&#8221;{}&#8221; text_text_color__hover_enabled=&#8221;on|hover&#8221; text_text_color__hover=&#8221;RGBA(255,255,255,0)&#8221; header_2_text_color__hover_enabled=&#8221;on|hover&#8221; header_2_text_color__hover=&#8221;#F97D02&#8243;]<\/p>\n<h2 style=\"text-align: center;\"><strong>Contact Us<\/strong><\/h2>\n<p>[\/et_pb_text][dsm_contact_form_7 cf7_library=&#8221;4365&#8243; label_bottom_spacing=&#8221;0px&#8221; button_alignment=&#8221;right&#8221; input_background_color=&#8221;RGBA(255,255,255,0)&#8221; _builder_version=&#8221;4.27.0&#8243; _module_preset=&#8221;default&#8221; labels_font=&#8221;&#8211;et_global_heading_font||||||||&#8221; labels_text_color=&#8221;#000000&#8243; labels_letter_spacing=&#8221;2px&#8221; input_textarea_select_font=&#8221;&#8211;et_global_body_font||||||||&#8221; input_textarea_select_text_color=&#8221;#000000&#8243; input_textarea_select_font_size=&#8221;15px&#8221; input_textarea_select_letter_spacing=&#8221;0.1em&#8221; placeholder_text_color=&#8221;#000000&#8243; placeholder_font_size=&#8221;16px&#8221; placeholder_letter_spacing=&#8221;0em&#8221; radio_checkbox_font=&#8221;|300||on|||||&#8221; radio_checkbox_text_color=&#8221;#000000&#8243; radio_checkbox_font_size=&#8221;13px&#8221; radio_checkbox_letter_spacing=&#8221;0.1em&#8221; error_msg_font=&#8221;|600|||||||&#8221; error_msg_text_color=&#8221;#F97D02&#8243; error_msg_letter_spacing=&#8221;0.1em&#8221; success_validation_text_color=&#8221;#000000&#8243; custom_button_one=&#8221;on&#8221; button_one_text_size=&#8221;16px&#8221; button_one_text_color=&#8221;#FFFFFF&#8221; button_one_bg_color=&#8221;#F97D02&#8243; button_one_letter_spacing=&#8221;0.1em&#8221; button_one_font=&#8221;|||on|||||&#8221; button_one_custom_margin=&#8221;15px||||false|false&#8221; custom_margin=&#8221;20px||||false|false&#8221; border_width_bottom_image=&#8221;1px&#8221; border_color_bottom_image=&#8221;#e9ebed&#8221; global_colors_info=&#8221;{}&#8221; button_one_bg_color__hover_enabled=&#8221;on|desktop&#8221; button_one_bg_color__hover=&#8221;RGBA(255,255,255,0)&#8221; button_one_bg_enable_color__hover=&#8221;on&#8221; button_one_text_color__hover_enabled=&#8221;on|hover&#8221; button_one_text_color__hover=&#8221;#F97D02&#8243; button_one_border_color__hover_enabled=&#8221;on|hover&#8221; button_one_border_color__hover=&#8221;#F97D02&#8243;][\/dsm_contact_form_7][\/et_pb_column][\/et_pb_row][\/et_pb_section]<\/p>\n","protected":false},"excerpt":{"rendered":"<p>Building plot for sale in La Flotte-en-R\u00e9 (\u00cele de R\u00e9) &#8211; 1,678 m\u00b2: a considerable asset and a rare commodity on \u00cele de R\u00e9<\/p>\n","protected":false},"featured_media":7618,"template":"","meta":{"_et_pb_use_builder":"on","_et_pb_old_content":"<strong>Exclusive: Land for Sale \u2013 La Flotte, \u00cele de R\u00e9<\/strong>\nLocated in the heart of La Flotte village, on a quiet street, just 350 m from the port and shops (market, bakery, mini-market), this plot boasts a premium location in the village center, ranked among the most beautiful in France.\n\nIt offers 1,678 m\u00b2 of surface area: a considerable asset and a rare commodity on \u00cele de R\u00e9.\n\nThe plot has a building permit submitted for a residential house project and the rehabilitation of an old wine storehouse.\nA modern architectural project including: large living room, open or closed kitchen, 4 bedrooms, 4 shower rooms\/bathrooms, 4 toilets, laundry room, wellness area (spa, sauna, hammam), winter garden and outdoors: 4x10 m swimming pool, terraces, 27 m\u00b2 enclosed annex, carport, covered patios... The project complies with the long-term reference level of the PPRN (Plan for the Prevention of Predictable Natural Risks). \n\nPlot area: 1,678 m\u00b2 - South-west facing\nBuilding permit submitted for a 330 m\u00b2 usable area house + spa, swimming pool, terraces, and annexes.\nMunicipal road Raise de Lauzi\u00e8res, cadastral reference 000 AC 1370p (b) and (c) according to the division plan for an area of 1,678.00 m\u00b2, of which 259.00 m\u00b2 are in zone Ua and 1,419.00 m\u00b2 in zone Ub.  ","_et_gb_content_width":""},"product_brand":[],"product_cat":[273,285],"product_tag":[],"wf_product_folders":[241],"class_list":{"0":"post-6933","1":"product","2":"type-product","3":"status-publish","4":"has-post-thumbnail","6":"product_cat-purchase","7":"product_cat-living","8":"pa_ameublement-unfurnished","9":"pa_localisation-la-flotte-en-re-17","10":"pa_type-de-bien-plot","12":"first","13":"instock","14":"taxable","15":"shipping-taxable","16":"purchasable","17":"product-type-simple"},"_links":{"self":[{"href":"https:\/\/agence-viva.fr\/en\/wp-json\/wp\/v2\/product\/6933","targetHints":{"allow":["GET"]}}],"collection":[{"href":"https:\/\/agence-viva.fr\/en\/wp-json\/wp\/v2\/product"}],"about":[{"href":"https:\/\/agence-viva.fr\/en\/wp-json\/wp\/v2\/types\/product"}],"wp:featuredmedia":[{"embeddable":true,"href":"https:\/\/agence-viva.fr\/en\/wp-json\/wp\/v2\/media\/7618"}],"wp:attachment":[{"href":"https:\/\/agence-viva.fr\/en\/wp-json\/wp\/v2\/media?parent=6933"}],"wp:term":[{"taxonomy":"product_brand","embeddable":true,"href":"https:\/\/agence-viva.fr\/en\/wp-json\/wp\/v2\/product_brand?post=6933"},{"taxonomy":"product_cat","embeddable":true,"href":"https:\/\/agence-viva.fr\/en\/wp-json\/wp\/v2\/product_cat?post=6933"},{"taxonomy":"product_tag","embeddable":true,"href":"https:\/\/agence-viva.fr\/en\/wp-json\/wp\/v2\/product_tag?post=6933"},{"taxonomy":"wf_product_folders","embeddable":true,"href":"https:\/\/agence-viva.fr\/en\/wp-json\/wp\/v2\/wf_product_folders?post=6933"}],"curies":[{"name":"wp","href":"https:\/\/api.w.org\/{rel}","templated":true}]}}